{"id":2213,"date":"2025-06-06T18:48:12","date_gmt":"2025-06-06T16:48:12","guid":{"rendered":"https:\/\/path-for-young.unicancer.fr\/contact\/"},"modified":"2026-02-24T09:24:23","modified_gmt":"2026-02-24T08:24:23","slug":"contact","status":"publish","type":"page","link":"https:\/\/path-for-young.unicancer.fr\/fr\/contact\/","title":{"rendered":"Contact"},"content":{"rendered":"\n<div class=\"wp-block-uagb-container uagb-block-21e8fc53 alignfull uagb-is-root-container\"><div class=\"uagb-container-inner-blocks-wrap\"><div class=\"plmb plmb-text mce-content clearfix format-intro\">\r\n\t<h1>Contact<\/h1>\n<p><span aria-hidden=\"true\">Merci de compl\u00e9ter le formulaire ci-dessous.<br \/>\nNous reviendrons vers vous d\u00e8s que possible.<\/span><\/p>\n<\/div>\r\n<\/div><\/div>\n\n\n\n<div class=\"wp-block-uagb-container uagb-block-2e878f9e alignfull uagb-is-root-container\"><div class=\"uagb-container-inner-blocks-wrap\"><div class=\"plmb plmb-contact\">\r\n\t\r\n\t<form action=\"#\" method=\"post\" autocomplete=\"off\" novalidate>\r\n\t\t<div class=\"row\">\t\t<div class=\"col-md-6\">\r\n\t\t\t\t\t\t<div class=\"input-line text\">\r\n\t\t\t\t\t\t<input type=\"text\" name=\"field_69dc533a21c2f\" id=\"field_69dc533a21c2f\" placeholder=\"Pr\u00e9nom\" required>\r\n\t\t\t\t\t\t\t<label for=\"field_69dc533a21c2f\">Pr\u00e9nom <span>*<\/span><\/label>\r\n\r\n\t\t\t<input type=\"hidden\" name=\"_field_69dc533a21c2f\" value=\"YHTtnP6+ekf8nAobAkLQIh4uR+JpT9MGgT0VswFEgHSh1lVQ900r97\/0XY5YLn\/ikmKAYmB8NecRZER44PuLRARunNaRFeyNvWqL6zwYiWM=\">\r\n\t\t<\/div>\r\n\t\t\t\t\t<\/div>\r\n\t\t\t\t\t\t<div class=\"col-md-6\">\r\n\t\t\t\t\t\t<div class=\"input-line text\">\r\n\t\t\t\t\t\t<input type=\"text\" name=\"field_69dc533a21c71\" id=\"field_69dc533a21c71\" placeholder=\"Nom\" required>\r\n\t\t\t\t\t\t\t<label for=\"field_69dc533a21c71\">Nom <span>*<\/span><\/label>\r\n\r\n\t\t\t<input type=\"hidden\" name=\"_field_69dc533a21c71\" value=\"ZpY3WNU1AJpO8RgyUn5vNuMFx2WlkKV7OOal6YrcYb5qxd37nEjhvGJz+FxNgxDoMMbseKtrFVqE\/dG8HBjJcA==\">\r\n\t\t<\/div>\r\n\t\t\t\t\t<\/div>\r\n\t\t\t\t<\/div>\t\t<div class=\"input-line mail\">\r\n\t\t\t\t\t\t<input type=\"text\" name=\"field_69dc533a21c84\" id=\"field_69dc533a21c84\" placeholder=\"Adresse e-mail\" required data-parsley-type=\"email\">\r\n\t\t\t\t\t\t\t<label for=\"field_69dc533a21c84\">Adresse e-mail <span>*<\/span><\/label>\r\n\r\n\t\t\t<input type=\"hidden\" name=\"_field_69dc533a21c84\" value=\"\/aCFQH7tsZAuu9Yqn7ybj8YI5ZmYGKFt4HDKqkLVorY\/Jl31Hhlo4quqHyR6OWCwu2eLOyQ0xqxIvjgmZm6wODyc5TUwdaCxFhEX4ll1OYQ=\">\r\n\t\t<\/div>\r\n\t\t\t\t\t<div class=\"input-line textarea\">\r\n\t\t\t\t\t\t<textarea name=\"field_69dc533a21c95\" id=\"field_69dc533a21c95\" placeholder=\"Message\" required><\/textarea>\r\n\t\t\t\t\t\t\t<label for=\"field_69dc533a21c95\">Message <span>*<\/span><\/label>\r\n\r\n\t\t\t<input type=\"hidden\" name=\"_field_69dc533a21c95\" value=\"3dE1m7UxIQIwCY8KOfwt32RsqeZuvI9lVZqY2O9ANFBA7\/lx6P0JTHqNsqY2PmUqWUEhLGcptGaune\/fe76lBJy7Z3gRQnQAHTxyXtL4b+Y=\">\r\n\t\t<\/div>\r\n\t\t\t\t\t<div class=\"input-line hp visually-hidden\" aria-hidden=&quot;true&quot;>\r\n\t\t\t\t\t\t<input type=\"text\" name=\"field_69dc533a21cba\" id=\"field_69dc533a21cba\" placeholder=\"Ne renseignez pas ce champ\" required data-parsley-excluded=\"true\">\r\n\t\t\t\t\t\t\t<label for=\"field_69dc533a21cba\">Ne renseignez pas ce champ <span>*<\/span><\/label>\r\n\r\n\t\t\t<input type=\"hidden\" name=\"_field_69dc533a21cba\" value=\"5dQQFV\/w8Maa9OmFlF3+P81PiTk6WgizvvjfALcnkL7PCDLsWEFCersHj7PtkFFAzWoOEq4pN2\/nPMWmMZ9RpAN5RlAa2K9AL2wD8zJ5XKpSKYkyHBTfUv3aIuGq3eR+\">\r\n\t\t<\/div>\r\n\t\t\t\r\n\t\t\t\t<div class=\"input-line checkbox\">\r\n\t\t\t<input type=\"checkbox\" name=\"newsletter_field\" id=\"newsletter_field\" value=\"1\">\r\n\t\t\t<label for=\"newsletter_field\">Je souhaite m\u2019inscrire \u00e0 la liste de diffusion et recevoir des actualit\u00e9s.<\/label>\r\n\t\t<\/div>\r\n\r\n\t\t\t\t<div class=\"rgpd-text mce-content\">\r\n\t\t\t<p>Sur ce site web, Path-for-young, nous utilisons vos donn\u00e9es personnelles uniquement afin de r\u00e9pondre \u00e0 votre message.<br \/>\nEn cliquant sur \u00ab&nbsp;Envoyer&nbsp;\u00bb, vous acceptez explicitement que votre adresse e-mail soit utilis\u00e9e exclusivement pour vous contacter en r\u00e9ponse \u00e0 votre demande ou \u00e0 votre requ\u00eate.<br \/>\nNous n\u2019utilisons aucun cookie g\u00e9n\u00e9r\u00e9 par le site sans votre information pr\u00e9alable.<br \/>\nLes champs marqu\u00e9s d\u2019un ast\u00e9risque (*) sont obligatoires.<\/p>\n\t\t<\/div>\r\n\t\t\t\t\t<input type=\"hidden\" name=\"language\" value=\"fr\">\r\n\t\t<input type=\"hidden\" name=\"post_id\" value=\"2213\">\r\n\t\t\r\n\t\t<div class=\"input-line submit\">\r\n\t\t\t<button type=\"submit\" class=\"cta\" data-send=\"Sending...\">Envoyer<\/button>\r\n\t\t<\/div>\r\n\t<\/form>\r\n<\/div>\r\n<\/div><\/div>\n","protected":false},"excerpt":{"rendered":"","protected":false},"author":1,"featured_media":0,"parent":0,"menu_order":0,"comment_status":"closed","ping_status":"closed","template":"","meta":{"_acf_changed":false,"_uag_custom_page_level_css":"","_analytify_skip_tracking":false,"footnotes":""},"class_list":["post-2213","page","type-page","status-publish","hentry"],"acf":[],"yoast_head":"<!-- This site is optimized with the Yoast SEO plugin v27.2 - https:\/\/yoast.com\/product\/yoast-seo-wordpress\/ -->\n<title>Contact - Path-for-young<\/title>\n<meta name=\"robots\" content=\"index, follow, max-snippet:-1, max-image-preview:large, max-video-preview:-1\" \/>\n<link rel=\"canonical\" href=\"https:\/\/path-for-young.unicancer.fr\/fr\/contact\/\" \/>\n<meta property=\"og:locale\" content=\"fr_FR\" \/>\n<meta property=\"og:type\" content=\"article\" \/>\n<meta property=\"og:title\" content=\"Contact - Path-for-young\" \/>\n<meta property=\"og:url\" content=\"https:\/\/path-for-young.unicancer.fr\/fr\/contact\/\" \/>\n<meta property=\"og:site_name\" content=\"Path-for-young\" \/>\n<meta property=\"article:modified_time\" content=\"2026-02-24T08:24:23+00:00\" \/>\n<meta name=\"twitter:card\" content=\"summary_large_image\" \/>\n<script type=\"application\/ld+json\" class=\"yoast-schema-graph\">{\"@context\":\"https:\/\/schema.org\",\"@graph\":[{\"@type\":\"WebPage\",\"@id\":\"https:\/\/path-for-young.unicancer.fr\/fr\/contact\/\",\"url\":\"https:\/\/path-for-young.unicancer.fr\/fr\/contact\/\",\"name\":\"Contact - Path-for-young\",\"isPartOf\":{\"@id\":\"https:\/\/path-for-young.unicancer.fr\/fr\/#website\"},\"datePublished\":\"2025-06-06T16:48:12+00:00\",\"dateModified\":\"2026-02-24T08:24:23+00:00\",\"breadcrumb\":{\"@id\":\"https:\/\/path-for-young.unicancer.fr\/fr\/contact\/#breadcrumb\"},\"inLanguage\":\"fr-FR\",\"potentialAction\":[{\"@type\":\"ReadAction\",\"target\":[\"https:\/\/path-for-young.unicancer.fr\/fr\/contact\/\"]}]},{\"@type\":\"BreadcrumbList\",\"@id\":\"https:\/\/path-for-young.unicancer.fr\/fr\/contact\/#breadcrumb\",\"itemListElement\":[{\"@type\":\"ListItem\",\"position\":1,\"name\":\"Home\",\"item\":\"https:\/\/path-for-young.unicancer.fr\/fr\/accueil\/\"},{\"@type\":\"ListItem\",\"position\":2,\"name\":\"Contact\"}]},{\"@type\":\"WebSite\",\"@id\":\"https:\/\/path-for-young.unicancer.fr\/fr\/#website\",\"url\":\"https:\/\/path-for-young.unicancer.fr\/fr\/\",\"name\":\"Path for Young\",\"description\":\"\",\"potentialAction\":[{\"@type\":\"SearchAction\",\"target\":{\"@type\":\"EntryPoint\",\"urlTemplate\":\"https:\/\/path-for-young.unicancer.fr\/fr\/?s={search_term_string}\"},\"query-input\":{\"@type\":\"PropertyValueSpecification\",\"valueRequired\":true,\"valueName\":\"search_term_string\"}}],\"inLanguage\":\"fr-FR\"}]}<\/script>\n<!-- \/ Yoast SEO plugin. -->","yoast_head_json":{"title":"Contact - Path-for-young","robots":{"index":"index","follow":"follow","max-snippet":"max-snippet:-1","max-image-preview":"max-image-preview:large","max-video-preview":"max-video-preview:-1"},"canonical":"https:\/\/path-for-young.unicancer.fr\/fr\/contact\/","og_locale":"fr_FR","og_type":"article","og_title":"Contact - Path-for-young","og_url":"https:\/\/path-for-young.unicancer.fr\/fr\/contact\/","og_site_name":"Path-for-young","article_modified_time":"2026-02-24T08:24:23+00:00","twitter_card":"summary_large_image","schema":{"@context":"https:\/\/schema.org","@graph":[{"@type":"WebPage","@id":"https:\/\/path-for-young.unicancer.fr\/fr\/contact\/","url":"https:\/\/path-for-young.unicancer.fr\/fr\/contact\/","name":"Contact - Path-for-young","isPartOf":{"@id":"https:\/\/path-for-young.unicancer.fr\/fr\/#website"},"datePublished":"2025-06-06T16:48:12+00:00","dateModified":"2026-02-24T08:24:23+00:00","breadcrumb":{"@id":"https:\/\/path-for-young.unicancer.fr\/fr\/contact\/#breadcrumb"},"inLanguage":"fr-FR","potentialAction":[{"@type":"ReadAction","target":["https:\/\/path-for-young.unicancer.fr\/fr\/contact\/"]}]},{"@type":"BreadcrumbList","@id":"https:\/\/path-for-young.unicancer.fr\/fr\/contact\/#breadcrumb","itemListElement":[{"@type":"ListItem","position":1,"name":"Home","item":"https:\/\/path-for-young.unicancer.fr\/fr\/accueil\/"},{"@type":"ListItem","position":2,"name":"Contact"}]},{"@type":"WebSite","@id":"https:\/\/path-for-young.unicancer.fr\/fr\/#website","url":"https:\/\/path-for-young.unicancer.fr\/fr\/","name":"Path for Young","description":"","potentialAction":[{"@type":"SearchAction","target":{"@type":"EntryPoint","urlTemplate":"https:\/\/path-for-young.unicancer.fr\/fr\/?s={search_term_string}"},"query-input":{"@type":"PropertyValueSpecification","valueRequired":true,"valueName":"search_term_string"}}],"inLanguage":"fr-FR"}]}},"uagb_featured_image_src":{"full":false,"thumbnail":false,"medium":false,"medium_large":false,"large":false,"1536x1536":false,"2048x2048":false,"post-thumbnail":false,"fhd":false,"wqhd":false},"uagb_author_info":{"display_name":"romain@supertag.fr","author_link":"https:\/\/path-for-young.unicancer.fr\/fr\/author\/r-allardconobium-com\/"},"uagb_comment_info":0,"uagb_excerpt":null,"_links":{"self":[{"href":"https:\/\/path-for-young.unicancer.fr\/fr\/wp-json\/wp\/v2\/pages\/2213","targetHints":{"allow":["GET"]}}],"collection":[{"href":"https:\/\/path-for-young.unicancer.fr\/fr\/wp-json\/wp\/v2\/pages"}],"about":[{"href":"https:\/\/path-for-young.unicancer.fr\/fr\/wp-json\/wp\/v2\/types\/page"}],"author":[{"embeddable":true,"href":"https:\/\/path-for-young.unicancer.fr\/fr\/wp-json\/wp\/v2\/users\/1"}],"replies":[{"embeddable":true,"href":"https:\/\/path-for-young.unicancer.fr\/fr\/wp-json\/wp\/v2\/comments?post=2213"}],"version-history":[{"count":1,"href":"https:\/\/path-for-young.unicancer.fr\/fr\/wp-json\/wp\/v2\/pages\/2213\/revisions"}],"predecessor-version":[{"id":2215,"href":"https:\/\/path-for-young.unicancer.fr\/fr\/wp-json\/wp\/v2\/pages\/2213\/revisions\/2215"}],"wp:attachment":[{"href":"https:\/\/path-for-young.unicancer.fr\/fr\/wp-json\/wp\/v2\/media?parent=2213"}],"curies":[{"name":"wp","href":"https:\/\/api.w.org\/{rel}","templated":true}]}}