{"id":2207,"date":"2025-06-11T16:20:05","date_gmt":"2025-06-11T14:20:05","guid":{"rendered":"https:\/\/path-for-young.unicancer.fr\/charter-of-protection-of-your-personal-data\/"},"modified":"2026-02-24T09:17:45","modified_gmt":"2026-02-24T08:17:45","slug":"charte-de-protection-de-vos-donnees-personnelles","status":"publish","type":"page","link":"https:\/\/path-for-young.unicancer.fr\/fr\/charte-de-protection-de-vos-donnees-personnelles\/","title":{"rendered":"Charte de protection de vos donn\u00e9es personnelles"},"content":{"rendered":"\n<div class=\"wp-block-uagb-container uagb-block-4228f286 alignfull uagb-is-root-container\"><div class=\"uagb-container-inner-blocks-wrap\"><div class=\"plmb plmb-text mce-content clearfix format-classic\">\r\n\t<h1 style=\"text-align: center\">Charte de protection de vos donn\u00e9es personnelles<br \/>\n<\/h1>\n<\/div>\r\n\n\n<div class=\"plmb plmb-text mce-content clearfix format-classic\">\r\n\t<p>Le respect de votre vie priv\u00e9e et de vos Donn\u00e9es Personnelles est une priorit\u00e9 pour nous.<br \/>\nCette charte nous permet de d\u00e9finir les engagements que nous prenons \u00e0 votre \u00e9gard dans le cadre de la collecte, de l\u2019utilisation et de la conservation de vos Donn\u00e9es Personnelles.<br \/>\nNous sommes susceptibles de faire \u00e9voluer la pr\u00e9sente politique afin de mieux r\u00e9pondre \u00e0 vos besoins. Vous serez alors inform\u00e9(e) par notification des modifications qui pourraient y \u00eatre apport\u00e9es.<\/p>\n<h2>Quelques d\u00e9finitions<\/h2>\n<ul>\n<li><strong>Site<\/strong> d\u00e9signe le site Internet visualisable depuis un navigateur Web et accessible \u00e0 l\u2019adresse URL&nbsp;: <a href=\"https:\/\/path-for-young.unicancer.fr\">path-for-young.unicancer.fr<\/a><\/li>\n<li><strong>Donn\u00e9es Personnelles<\/strong> ou <strong>Donn\u00e9es<\/strong> d\u00e9signe toute information permettant, sous quelque forme que ce soit, de vous identifier directement (votre nom, \u2026) ou indirectement (votre pseudonyme, un identifiant, votre adresse IP, \u2026).<\/li>\n<li><strong>Responsable du traitement<\/strong> d\u00e9signe la personne qui d\u00e9finit le type d\u2019informations collect\u00e9es et l\u2019usage qui en est fait. Le responsable du traitement est la soci\u00e9t\u00e9 Unicancer.<br \/>\nVous pouvez nous contacter \u00e0 l\u2019adresse pathforyoung-website@unicancer.fr.<\/li>\n<li><strong>Cookie(s)<\/strong> d\u00e9signe un petit fichier informatique install\u00e9 automatiquement sur votre logiciel de navigation. Ces fichiers sont temporairement stock\u00e9s sur votre smartphone\/tablette\/ordinateur. Ils peuvent \u00eatre n\u00e9cessaires au bon fonctionnement du Site ou, dans certains cas, en faciliter l\u2019utilisation.<\/li>\n<li><strong>H\u00e9bergeur<\/strong> d\u00e9signe l\u2019entit\u00e9 qui h\u00e9berge les Donn\u00e9es collect\u00e9es. Il peut s\u2019agir du Responsable du traitement ou d\u2019un sous-traitant de celui-ci.<\/li>\n<\/ul>\n<h2>Quelles sont les bases l\u00e9gales du traitement de vos donn\u00e9es&nbsp;?<\/h2>\n<p>La base l\u00e9gale des traitements de vos donn\u00e9es collect\u00e9es sur notre site repose sur&nbsp;:<\/p>\n<ul>\n<li>Votre consentement, notamment pour la prospection, le d\u00e9p\u00f4t de cookies analytiques et publicitaires, ainsi que les demandes de contact.<\/li>\n<li>La poursuite d\u2019int\u00e9r\u00eats l\u00e9gitimes pour le d\u00e9p\u00f4t et la gestion des cookies fonctionnels afin d\u2019assurer le bon fonctionnement du site.<\/li>\n<\/ul>\n<p>Nous mettons tout en \u0153uvre pour garantir la s\u00e9curit\u00e9 de vos donn\u00e9es personnelles&nbsp;:<\/p>\n<ul>\n<li>Nous utilisons vos donn\u00e9es uniquement pour les finalit\u00e9s n\u00e9cessaires \u00e0 votre navigation, au respect de certaines obligations l\u00e9gales, ainsi que pour d\u2019autres finalit\u00e9s auxquelles vous avez express\u00e9ment consenti&nbsp;;<\/li>\n<li>Nous apportons un soin particulier \u00e0 la protection de vos donn\u00e9es gr\u00e2ce \u00e0 des mesures de s\u00e9curit\u00e9 appropri\u00e9es, notamment en mati\u00e8re d\u2019h\u00e9bergement, d\u2019acc\u00e8s et de confidentialit\u00e9&nbsp;;<\/li>\n<li>Nous ne partageons pas vos donn\u00e9es avec des tiers non l\u00e9gitimes. Les seuls destinataires de certaines de vos donn\u00e9es sont des sous-traitants agissant pour notre compte, des autorit\u00e9s pour l\u2019exercice de leurs missions l\u00e9gales, ou des organismes pour lesquels vous nous avez donn\u00e9 votre consentement pr\u00e9alable.<\/li>\n<\/ul>\n<h2>Quelles Donn\u00e9es Personnelles collectons-nous&nbsp;?<\/h2>\n<p>Dans le strict respect du RGPD (R\u00e8glement G\u00e9n\u00e9ral sur la Protection des Donn\u00e9es), nous collectons vos Donn\u00e9es afin de vous adresser des informations sur notre projet et l\u2019essai clinique lorsque vous y avez consenti ou afin de r\u00e9pondre \u00e0 votre demande d\u2019information. Nous collectons \u00e9galement des donn\u00e9es relatives \u00e0 votre connexion et \u00e0 votre navigation.<\/p>\n<p>Ces donn\u00e9es peuvent nous \u00eatre communiqu\u00e9es directement par vous via un formulaire ou par contact direct (t\u00e9l\u00e9phone, e-mail, etc.), ou \u00eatre collect\u00e9es indirectement par le biais des cookies lors de votre navigation sur notre Site, sous r\u00e9serve de votre consentement.<br \/>\nNous collectons&nbsp;:<\/p>\n<ul>\n<li>des donn\u00e9es d\u2019identification&nbsp;: votre nom, pr\u00e9nom, adresse e-mail&nbsp;;<\/li>\n<li>des donn\u00e9es relatives au suivi de la relation que nous entretenons avec vous&nbsp;: demandes d\u2019information, donn\u00e9es de connexion (en lien avec les Cookies).<br \/>\nDans le cadre des formulaires, les Donn\u00e9es obligatoires sont signal\u00e9es par un ast\u00e9risque. Les autres champs sont facultatifs et il vous appartient de d\u00e9cider si vous souhaitez nous communiquer ces donn\u00e9es qui nous permettent de mieux vous conna\u00eetre.<\/li>\n<\/ul>\n<p>&nbsp;<\/p>\n<h2>Quelles Donn\u00e9es sont collect\u00e9es via les Cookies&nbsp;?<\/h2>\n<p>Il existe plusieurs cat\u00e9gories de Cookies&nbsp;: les Cookies \u00ab&nbsp;essentiels&nbsp;\u00bb, les Cookies \u00ab&nbsp;de performance&nbsp;\u00bb et les Cookies \u00ab&nbsp;marketing&nbsp;\u00bb.<\/p>\n<ul>\n<li>Les Cookies \u00ab&nbsp;essentiels&nbsp;\u00bb sont indispensables au fonctionnement du Site. Ils ne peuvent pas \u00eatre d\u00e9sactiv\u00e9s mais ne stockent aucune donn\u00e9e personnelle. En param\u00e9trant des cookies fonctionnels, nous facilitons votre navigation sur le Site. Par exemple, vous n\u2019avez pas \u00e0 saisir plusieurs fois les m\u00eames informations lors de votre visite.<\/li>\n<li>Les Cookies \u00ab&nbsp;de performance&nbsp;\u00bb collectent des donn\u00e9es nous permettant d\u2019\u00e9tablir des statistiques de fr\u00e9quentation du Site afin de l\u2019am\u00e9liorer en continu. Les informations collect\u00e9es sont anonymis\u00e9es et ne permettent pas de vous identifier.<\/li>\n<li>Les Cookies \u00ab&nbsp;marketing&nbsp;\u00bb peuvent \u00eatre d\u00e9pos\u00e9s par nous ou par nos partenaires et permettent de vous proposer des publicit\u00e9s et informations adapt\u00e9es \u00e0 votre profil. Ces cookies collectent des donn\u00e9es indirectement identifiantes afin de cibler les informations. Ils permettent \u00e9galement de suivre votre activit\u00e9 sur le Site ou sur d\u2019autres sites \u00e0 des fins marketing similaires.<\/li>\n<\/ul>\n<p>Il vous appartient de param\u00e9trer les cookies de performance et marketing selon vos pr\u00e9f\u00e9rences. Aucune donn\u00e9e ne peut \u00eatre collect\u00e9e tant que vous n\u2019avez pas exprim\u00e9 vos choix.<\/p>\n<p>Vous pouvez acc\u00e9der \u00e0 la page d\u00e9di\u00e9e aux Cookies \u00e0 tout moment en cliquant sur l\u2019ic\u00f4ne Cookies en bas de votre \u00e9cran afin de modifier vos pr\u00e9f\u00e9rences.<\/p>\n<h2>Pourquoi collectons-nous vos Donn\u00e9es&nbsp;?<\/h2>\n<p>Vos Donn\u00e9es sont collect\u00e9es afin de&nbsp;:<\/p>\n<ul>\n<li>permettre le traitement de votre demande&nbsp;;<\/li>\n<li>assurer le bon fonctionnement et l\u2019am\u00e9lioration du Site&nbsp;;<\/li>\n<li>vous proposer les meilleurs services&nbsp;;<\/li>\n<li>vous permettre de recevoir nos actualit\u00e9s et invitations&nbsp;;<\/li>\n<li>permettre la gestion de vos droits (pour plus d\u2019informations&nbsp;: Quels sont mes droits&nbsp;?).<\/li>\n<\/ul>\n<p>Vos Donn\u00e9es sont collect\u00e9es, utilis\u00e9es et conserv\u00e9es de mani\u00e8re transparente, confidentielle et s\u00e9curis\u00e9e.<\/p>\n<p>L\u2019utilisation de vos Donn\u00e9es \u00e0 des fins de prospection repose sur votre consentement, que vous pouvez retirer \u00e0 tout moment.<\/p>\n<h2>Qui a acc\u00e8s \u00e0 mes Donn\u00e9es&nbsp;?<\/h2>\n<p>Seuls nos collaborateurs et nos sous-traitants peuvent avoir acc\u00e8s \u00e0 vos Donn\u00e9es.<\/p>\n<p>Dans le cadre de nos missions, nous travaillons avec des partenaires susceptibles d\u2019avoir acc\u00e8s \u00e0 vos donn\u00e9es. Toutefois, les Donn\u00e9es ne leur sont jamais transmises pour leur propre usage. Les transmissions sont ponctuelles et ont pour seule finalit\u00e9 la r\u00e9alisation de nos missions. Ces sous-traitants sont conformes au RGPD.<\/p>\n<p>Les sous-traitants avec lesquels nous travaillons sont notamment&nbsp;: BIG against Cancer.<\/p>\n<p>En aucun cas vos Donn\u00e9es ne font l\u2019objet d\u2019un \u00e9change commercial. Nous ne partageons, ne vendons, ne transf\u00e9rons ni ne diffusons vos Donn\u00e9es \u00e0 des tiers, sauf obligation l\u00e9gale.<\/p>\n<h2>Combien de temps mes donn\u00e9es sont-elles conserv\u00e9es&nbsp;?<\/h2>\n<p>Les Donn\u00e9es collect\u00e9es via les Cookies sont conserv\u00e9es pendant une dur\u00e9e de 13 mois. Elles ne sont pas transf\u00e9r\u00e9es \u00e0 des tiers ni utilis\u00e9es \u00e0 d\u2019autres fins.<br \/>\nLes Donn\u00e9es collect\u00e9es pour vous fournir des informations sur nos services sont conserv\u00e9es pendant une dur\u00e9e de 3 ans puis supprim\u00e9es en l\u2019absence de r\u00e9ponse \u00e0 nos propositions, ou supprim\u00e9es \u00e0 votre demande.<\/p>\n<h2>Je change d\u2019avis<\/h2>\n<p>Concernant les donn\u00e9es collect\u00e9es via les cookies, vous pouvez \u00e0 tout moment modifier vos pr\u00e9f\u00e9rences.<br \/>\nVous pouvez \u00e9galement d\u00e9cider \u00e0 tout moment de ne plus recevoir d\u2019informations de notre part. Il vous suffit pour cela d\u2019envoyer un e-mail \u00e0 pathforyoung-website@unicancer.fr<\/p>\n<h2>Quels sont mes droits&nbsp;?<\/h2>\n<p>La collecte de vos Donn\u00e9es est r\u00e9alis\u00e9e dans le respect de vos droits. Vous disposez du droit&nbsp;:<\/p>\n<ul>\n<li>d\u2019acc\u00e9der \u00e0 vos Donn\u00e9es et de les faire rectifier, compl\u00e9ter et mettre \u00e0 jour&nbsp;;<\/li>\n<li>de bloquer ou supprimer vos Donn\u00e9es en cas d\u2019erreur, d\u2019inexactitude ou lorsque leur collecte, utilisation, communication ou conservation serait interdite&nbsp;;<\/li>\n<li>de retirer \u00e0 tout moment votre consentement \u00e0 l\u2019utilisation de vos Donn\u00e9es&nbsp;;<\/li>\n<li>de demander la limitation du traitement de vos Donn\u00e9es pendant une certaine dur\u00e9e (par exemple en cas de demande de rectification)&nbsp;;<\/li>\n<li>de vous opposer \u00e0 l\u2019utilisation de vos Donn\u00e9es pour une finalit\u00e9 sp\u00e9cifique. Dans ce cas, vous devez justifier votre demande par des raisons tenant \u00e0 votre situation particuli\u00e8re. Toutefois, vous pouvez vous opposer \u00e0 la prospection commerciale sans justification&nbsp;;<\/li>\n<li>de demander la portabilit\u00e9 de vos Donn\u00e9es, c\u2019est-\u00e0-dire de les recevoir dans un format lisible afin de les conserver ou de les transmettre \u00e0 un tiers&nbsp;;<\/li>\n<li>de d\u00e9finir le sort de vos Donn\u00e9es apr\u00e8s votre d\u00e9c\u00e8s, en autorisant leur transmission \u00e0 un tiers d\u00e9sign\u00e9 ou en interdisant toute communication.<\/li>\n<\/ul>\n<p>Pour en savoir plus sur vos droits, nous vous invitons \u00e0 consulter le site de la CNIL (http:\/\/cnil.fr).<\/p>\n<h2>Comment exercer mes droits&nbsp;?<\/h2>\n<p>Pour toute demande relative \u00e0 l\u2019exercice de vos droits, il vous suffit de nous adresser un e-mail \u00e0 l\u2019adresse <a href=\"mailto:dpo@unicancer.fr\" target=\"_blank\" rel=\"noopener\">dpo@unicancer.fr<\/a> et de joindre une copie de votre pi\u00e8ce d\u2019identit\u00e9. Nous examinerons votre demande dans les meilleurs d\u00e9lais et proc\u00e9derons imm\u00e9diatement \u00e0 la suppression de la copie de votre pi\u00e8ce d\u2019identit\u00e9 une fois votre identit\u00e9 v\u00e9rifi\u00e9e.<\/p>\n<p>Si vous estimez, malgr\u00e9 le soin apport\u00e9 \u00e0 votre demande, que vos droits ne sont pas respect\u00e9s, vous pouvez introduire une r\u00e9clamation aupr\u00e8s de la CNIL.<\/p>\n<p>Vous pouvez contacter la CNIL via le formulaire disponible sur son site (<a href=\"https:\/\/www.cnil.fr\/fr\/plaintes\" target=\"_blank\" rel=\"noopener\">https:\/\/www.cnil.fr\/fr\/plaintes<\/a>) ou par courrier \u00e0 l\u2019adresse suivante&nbsp;: CNIL - 3 Place de Fontenoy - TSA 80715 - 75334 PARIS CEDEX 07.<\/p>\n<h2>Qui contacter en cas de question&nbsp;?<\/h2>\n<p>Vous pouvez nous contacter par e-mail \u00e0 l\u2019adresse <a href=\"mailto:pathforyoung-website@unicancer.fr\" target=\"_blank\" rel=\"noopener\">pathforyoung-website@unicancer.fr<\/a><br \/>\nNous vous r\u00e9pondrons dans les meilleurs d\u00e9lais.<\/p>\n<h2>Notice d\u2019information \u2013 Newsletter Path-for-young<\/h2>\n<p>Lorsque vous vous inscrivez \u00e0 la newsletter du projet Path-for-young, Unicancer[1], en qualit\u00e9 de responsable du traitement, collecte votre adresse e-mail afin de vous adresser la newsletter. Si vous participez \u00e0 l\u2019essai clinique Optima-young, votre adresse e-mail ne sera en aucun cas li\u00e9e aux donn\u00e9es cliniques collect\u00e9es dans le cadre de l\u2019\u00e9tude. De m\u00eame, Unicancer ne peut pas identifier si vous participez ou non \u00e0 l\u2019essai clinique Optima-young.<\/p>\n<p>Avec votre consentement, seule votre adresse e-mail est collect\u00e9e et utilis\u00e9e exclusivement pour la gestion des envois de la newsletter. Elle est stock\u00e9e dans une base de donn\u00e9es d\u00e9di\u00e9e situ\u00e9e dans un environnement s\u00e9curis\u00e9 au sein de l\u2019Union europ\u00e9enne.<br \/>\nVous pouvez retirer votre consentement \u00e0 tout moment. Le retrait de votre consentement entra\u00eenera la suppression de votre adresse e-mail de la liste de diffusion, et vous ne recevrez plus la newsletter.<\/p>\n<p>Avec votre consentement, votre adresse e-mail sera transmise au Breast International Group (BIG)[2], qui sera charg\u00e9 de l\u2019envoi de la newsletter.<br \/>\nVotre adresse e-mail sera conserv\u00e9e jusqu\u2019au retrait de votre consentement ou jusqu\u2019\u00e0 l\u2019arr\u00eat de la newsletter.<br \/>\nConform\u00e9ment \u00e0 la r\u00e9glementation, vous disposez d\u2019un droit d\u2019acc\u00e8s, de rectification, d\u2019opposition, de limitation, d\u2019effacement et de portabilit\u00e9 des donn\u00e9es vous concernant.<\/p>\n<p>Pour exercer vos droits, vous pouvez contacter le d\u00e9l\u00e9gu\u00e9 \u00e0 la protection des donn\u00e9es d\u2019Unicancer&nbsp;:<\/p>\n<ul>\n<li>par e-mail&nbsp;: dpo@unicancer.fr<\/li>\n<li>par courrier&nbsp;: Unicancer, D\u00e9l\u00e9gu\u00e9 \u00e0 la protection des donn\u00e9es, 101, rue de Tolbiac - 75654 Paris Cedex 13 (France).<\/li>\n<\/ul>\n<div>\n<p>Si vous n\u2019\u00eates pas satisfait(e), vous pouvez \u00e9galement introduire une r\u00e9clamation aupr\u00e8s de la CNIL&nbsp;: <a href=\"http:\/\/www.cnil.fr\/fr\/plaintes\">www.cnil.fr\/fr\/plaintes<\/a><\/p>\n<\/div>\n<div>\n<p>Aucun transfert de vos donn\u00e9es en dehors de l\u2019Union europ\u00e9enne n\u2019est pr\u00e9vu.<\/p>\n<hr \/>\n<p><span style=\"font-size: 12px;color: #54565b\">[1] Unicancer est \u00e0 la fois la f\u00e9d\u00e9ration des Centres de Lutte Contre le Cancer (CLCC) et un r\u00e9seau de 20 \u00e9tablissements de sant\u00e9 priv\u00e9s \u00e0 but non lucratif sp\u00e9cialis\u00e9s en oncologie. Acteur majeur de la recherche, Unicancer est le premier promoteur acad\u00e9mique d\u2019essais cliniques en oncologie en Europe.<\/span><br \/>\n<span style=\"font-size: 12px;color: #54565b\">Unicancer 101, rue de Tolbiac - 75654 Paris Cedex 13 (France)<\/span><\/p>\n<p><span style=\"font-size: 12px;color: #54565b\">[2] The Breast International Group (BIG) est une organisation internationale \u00e0 but non lucratif et le plus grand r\u00e9seau acad\u00e9mique mondial d\u00e9di\u00e9 \u00e0 la recherche sur le cancer du sein. BIG est bas\u00e9 \u00e0 Bruxelles, en Belgique.<\/span><\/p>\n<\/div>\n<\/div>\r\n<\/div><\/div>\n","protected":false},"excerpt":{"rendered":"","protected":false},"author":2,"featured_media":0,"parent":0,"menu_order":0,"comment_status":"closed","ping_status":"closed","template":"","meta":{"_acf_changed":false,"_uag_custom_page_level_css":"","_analytify_skip_tracking":false,"footnotes":""},"class_list":["post-2207","page","type-page","status-publish","hentry"],"acf":[],"yoast_head":"<!-- This site is optimized with the Yoast SEO plugin v27.2 - https:\/\/yoast.com\/product\/yoast-seo-wordpress\/ -->\n<title>Charte de protection de vos donn\u00e9es personnelles - Path-for-young<\/title>\n<meta name=\"robots\" content=\"index, follow, max-snippet:-1, max-image-preview:large, max-video-preview:-1\" \/>\n<link rel=\"canonical\" href=\"https:\/\/path-for-young.unicancer.fr\/fr\/charte-de-protection-de-vos-donnees-personnelles\/\" \/>\n<meta property=\"og:locale\" content=\"fr_FR\" \/>\n<meta property=\"og:type\" content=\"article\" \/>\n<meta property=\"og:title\" content=\"Charte de protection de vos donn\u00e9es personnelles - Path-for-young\" \/>\n<meta property=\"og:url\" content=\"https:\/\/path-for-young.unicancer.fr\/fr\/charte-de-protection-de-vos-donnees-personnelles\/\" \/>\n<meta property=\"og:site_name\" content=\"Path-for-young\" \/>\n<meta property=\"article:modified_time\" content=\"2026-02-24T08:17:45+00:00\" \/>\n<meta name=\"twitter:card\" content=\"summary_large_image\" \/>\n<script type=\"application\/ld+json\" class=\"yoast-schema-graph\">{\"@context\":\"https:\/\/schema.org\",\"@graph\":[{\"@type\":\"WebPage\",\"@id\":\"https:\/\/path-for-young.unicancer.fr\/fr\/charte-de-protection-de-vos-donnees-personnelles\/\",\"url\":\"https:\/\/path-for-young.unicancer.fr\/fr\/charte-de-protection-de-vos-donnees-personnelles\/\",\"name\":\"Charte de protection de vos donn\u00e9es personnelles - Path-for-young\",\"isPartOf\":{\"@id\":\"https:\/\/path-for-young.unicancer.fr\/fr\/#website\"},\"datePublished\":\"2025-06-11T14:20:05+00:00\",\"dateModified\":\"2026-02-24T08:17:45+00:00\",\"breadcrumb\":{\"@id\":\"https:\/\/path-for-young.unicancer.fr\/fr\/charte-de-protection-de-vos-donnees-personnelles\/#breadcrumb\"},\"inLanguage\":\"fr-FR\",\"potentialAction\":[{\"@type\":\"ReadAction\",\"target\":[\"https:\/\/path-for-young.unicancer.fr\/fr\/charte-de-protection-de-vos-donnees-personnelles\/\"]}]},{\"@type\":\"BreadcrumbList\",\"@id\":\"https:\/\/path-for-young.unicancer.fr\/fr\/charte-de-protection-de-vos-donnees-personnelles\/#breadcrumb\",\"itemListElement\":[{\"@type\":\"ListItem\",\"position\":1,\"name\":\"Home\",\"item\":\"https:\/\/path-for-young.unicancer.fr\/fr\/accueil\/\"},{\"@type\":\"ListItem\",\"position\":2,\"name\":\"Charte de protection de vos donn\u00e9es personnelles\"}]},{\"@type\":\"WebSite\",\"@id\":\"https:\/\/path-for-young.unicancer.fr\/fr\/#website\",\"url\":\"https:\/\/path-for-young.unicancer.fr\/fr\/\",\"name\":\"Path for Young\",\"description\":\"\",\"potentialAction\":[{\"@type\":\"SearchAction\",\"target\":{\"@type\":\"EntryPoint\",\"urlTemplate\":\"https:\/\/path-for-young.unicancer.fr\/fr\/?s={search_term_string}\"},\"query-input\":{\"@type\":\"PropertyValueSpecification\",\"valueRequired\":true,\"valueName\":\"search_term_string\"}}],\"inLanguage\":\"fr-FR\"}]}<\/script>\n<!-- \/ Yoast SEO plugin. -->","yoast_head_json":{"title":"Charte de protection de vos donn\u00e9es personnelles - Path-for-young","robots":{"index":"index","follow":"follow","max-snippet":"max-snippet:-1","max-image-preview":"max-image-preview:large","max-video-preview":"max-video-preview:-1"},"canonical":"https:\/\/path-for-young.unicancer.fr\/fr\/charte-de-protection-de-vos-donnees-personnelles\/","og_locale":"fr_FR","og_type":"article","og_title":"Charte de protection de vos donn\u00e9es personnelles - Path-for-young","og_url":"https:\/\/path-for-young.unicancer.fr\/fr\/charte-de-protection-de-vos-donnees-personnelles\/","og_site_name":"Path-for-young","article_modified_time":"2026-02-24T08:17:45+00:00","twitter_card":"summary_large_image","schema":{"@context":"https:\/\/schema.org","@graph":[{"@type":"WebPage","@id":"https:\/\/path-for-young.unicancer.fr\/fr\/charte-de-protection-de-vos-donnees-personnelles\/","url":"https:\/\/path-for-young.unicancer.fr\/fr\/charte-de-protection-de-vos-donnees-personnelles\/","name":"Charte de protection de vos donn\u00e9es personnelles - Path-for-young","isPartOf":{"@id":"https:\/\/path-for-young.unicancer.fr\/fr\/#website"},"datePublished":"2025-06-11T14:20:05+00:00","dateModified":"2026-02-24T08:17:45+00:00","breadcrumb":{"@id":"https:\/\/path-for-young.unicancer.fr\/fr\/charte-de-protection-de-vos-donnees-personnelles\/#breadcrumb"},"inLanguage":"fr-FR","potentialAction":[{"@type":"ReadAction","target":["https:\/\/path-for-young.unicancer.fr\/fr\/charte-de-protection-de-vos-donnees-personnelles\/"]}]},{"@type":"BreadcrumbList","@id":"https:\/\/path-for-young.unicancer.fr\/fr\/charte-de-protection-de-vos-donnees-personnelles\/#breadcrumb","itemListElement":[{"@type":"ListItem","position":1,"name":"Home","item":"https:\/\/path-for-young.unicancer.fr\/fr\/accueil\/"},{"@type":"ListItem","position":2,"name":"Charte de protection de vos donn\u00e9es personnelles"}]},{"@type":"WebSite","@id":"https:\/\/path-for-young.unicancer.fr\/fr\/#website","url":"https:\/\/path-for-young.unicancer.fr\/fr\/","name":"Path for Young","description":"","potentialAction":[{"@type":"SearchAction","target":{"@type":"EntryPoint","urlTemplate":"https:\/\/path-for-young.unicancer.fr\/fr\/?s={search_term_string}"},"query-input":{"@type":"PropertyValueSpecification","valueRequired":true,"valueName":"search_term_string"}}],"inLanguage":"fr-FR"}]}},"uagb_featured_image_src":{"full":false,"thumbnail":false,"medium":false,"medium_large":false,"large":false,"1536x1536":false,"2048x2048":false,"post-thumbnail":false,"fhd":false,"wqhd":false},"uagb_author_info":{"display_name":"Guillaume Armandi","author_link":"https:\/\/path-for-young.unicancer.fr\/fr\/author\/guillaumesupertag-fr\/"},"uagb_comment_info":0,"uagb_excerpt":null,"_links":{"self":[{"href":"https:\/\/path-for-young.unicancer.fr\/fr\/wp-json\/wp\/v2\/pages\/2207","targetHints":{"allow":["GET"]}}],"collection":[{"href":"https:\/\/path-for-young.unicancer.fr\/fr\/wp-json\/wp\/v2\/pages"}],"about":[{"href":"https:\/\/path-for-young.unicancer.fr\/fr\/wp-json\/wp\/v2\/types\/page"}],"author":[{"embeddable":true,"href":"https:\/\/path-for-young.unicancer.fr\/fr\/wp-json\/wp\/v2\/users\/2"}],"replies":[{"embeddable":true,"href":"https:\/\/path-for-young.unicancer.fr\/fr\/wp-json\/wp\/v2\/comments?post=2207"}],"version-history":[{"count":2,"href":"https:\/\/path-for-young.unicancer.fr\/fr\/wp-json\/wp\/v2\/pages\/2207\/revisions"}],"predecessor-version":[{"id":2210,"href":"https:\/\/path-for-young.unicancer.fr\/fr\/wp-json\/wp\/v2\/pages\/2207\/revisions\/2210"}],"wp:attachment":[{"href":"https:\/\/path-for-young.unicancer.fr\/fr\/wp-json\/wp\/v2\/media?parent=2207"}],"curies":[{"name":"wp","href":"https:\/\/api.w.org\/{rel}","templated":true}]}}