{"id":2183,"date":"2025-06-11T16:18:40","date_gmt":"2025-06-11T14:18:40","guid":{"rendered":"https:\/\/path-for-young.unicancer.fr\/legal-notices\/"},"modified":"2026-02-24T09:03:06","modified_gmt":"2026-02-24T08:03:06","slug":"mentions-legales","status":"publish","type":"page","link":"https:\/\/path-for-young.unicancer.fr\/fr\/mentions-legales\/","title":{"rendered":"Mentions l\u00e9gales"},"content":{"rendered":"\n<div class=\"wp-block-uagb-container uagb-block-3f7ceae9 alignfull uagb-is-root-container\"><div class=\"uagb-container-inner-blocks-wrap\"><div class=\"plmb plmb-text mce-content clearfix format-classic\">\r\n\t<h1 style=\"text-align: center\">Mentions l\u00e9gales<\/h1>\n<\/div>\r\n\n\n<div class=\"plmb plmb-text mce-content clearfix format-classic\">\r\n\t<h2>Conditions g\u00e9n\u00e9rales d\u2019utilisation<\/h2>\n<p>Le site <a href=\"https:\/\/path-for-young.unicancer.fr\">path-for-young.unicancer.fr<\/a> est la propri\u00e9t\u00e9 de la F\u00e9d\u00e9ration Nationale des Centres de Lutte Contre le Cancer (F\u00e9d\u00e9ration Unicancer), enregistr\u00e9e sous le num\u00e9ro SIRET 314 559 139 000 14.<br \/>\nSi\u00e8ge social&nbsp;: 101, rue de Tolbiac, 75654 Paris Cedex 13, France \u2013 T\u00e9l&nbsp;: +33 (0)1 44 23 04 04<\/p>\n<h2>Intervenants<\/h2>\n<p>Directrice de la publication&nbsp;: Sophie Beaup\u00e8re, D\u00e9l\u00e9gu\u00e9e G\u00e9n\u00e9rale d\u2019Unicancer<br \/>\nResponsabilit\u00e9 \u00e9ditoriale&nbsp;: D\u00e9partement Recherche&amp;D\u00e9veloppement d\u2019Unicancer<br \/>\nMaintenance technique&nbsp;: Direction des Syst\u00e8mes d\u2019Information d\u2019Unicancer<\/p>\n<p>Le site a \u00e9t\u00e9 cr\u00e9\u00e9 par SUPERTAG EURL&nbsp;:<br \/>\n<strong>SUPERTAG<\/strong><br \/>\n57, boulevard Barb\u00e8s<br \/>\n75018 Paris<br \/>\n<a href=\"https:\/\/supertag.fr\" target=\"_blank\" rel=\"noopener\">www.supertag.fr<\/a><br \/>\nCr\u00e9dits&nbsp;: Int\u00e9gration et programmation <a href=\"https:\/\/www.conobium.com\" target=\"_blank\" rel=\"noopener\">Conobium<\/a>, scripts et logiciels sous licences libres (WordPress, jQuery, Bootstrap...).<\/p>\n<p>Le site est h\u00e9berg\u00e9 par&nbsp;:<br \/>\n<strong>OVH SAS, filiale de la soci\u00e9t\u00e9 OVH Groupe SAS,<\/strong><br \/>\nRCS Lille - 537 407 926<br \/>\n2, rue Kellermann, 59100 Roubaix - FRANCE<br \/>\n<a href=\"https:\/\/www.ovh.com\/\" target=\"_blank\" rel=\"noopener\">https:\/\/www.ovh.com<\/a><\/p>\n<h2>Contenu du site<\/h2>\n<p>Le Site ainsi que chacun des \u00e9l\u00e9ments qui le composent, notamment mais sans s\u2019y limiter les marques, logos, ic\u00f4nes, \u00e9l\u00e9ments graphiques, photographies, sont la propri\u00e9t\u00e9 exclusive de l\u2019\u00c9diteur et sont prot\u00e9g\u00e9s par le droit d\u2019auteur.<br \/>\nToute utilisation, reproduction ou repr\u00e9sentation, par quelque proc\u00e9d\u00e9 que ce soit et sur quelque support que ce soit, de tout ou partie du site et\/ou des \u00e9l\u00e9ments qui le composent, est interdite sans le consentement expr\u00e8s de l\u2019\u00c9diteur et constituerait une contrefa\u00e7on sanctionn\u00e9e par les articles L.335-2 et suivants du Code de la propri\u00e9t\u00e9 intellectuelle.<br \/>\nLes informations diffus\u00e9es sur ce site internet sont fournies \u00e0 titre informatif uniquement et ne le sont pas dans le cadre d\u2019une prestation intellectuelle. L\u2019utilisation de ce site internet et des sites associ\u00e9s se fait enti\u00e8rement \u00e0 vos propres risques. Unicancer ne saurait \u00eatre tenu responsable des omissions ou des retards dans la mise \u00e0 jour des informations ni des \u00e9ventuelles cons\u00e9quences pouvant en d\u00e9couler. De m\u00eame, ni UNICANCER ni aucune autre partie impliqu\u00e9e dans l\u2019utilisation de ce serveur ne peuvent \u00eatre tenus responsables des dommages r\u00e9sultant de l\u2019utilisation de ces informations. Il appartient donc \u00e0 tout utilisateur du site Path-for-young d\u2019Unicancer de v\u00e9rifier l\u2019exactitude des informations avant toute utilisation.<br \/>\nL\u2019objectif du site Path-for-young est de pr\u00e9senter le projet Path-for-young. Il n\u2019a pas vocation \u00e0 r\u00e9pondre \u00e0 des questions m\u00e9dicales relatives au cancer. Les informations en ligne sur ce site, r\u00e9guli\u00e8rement mises \u00e0 jour, ne constituent ni un avis m\u00e9dical ni des instructions th\u00e9rapeutiques. En outre, toute personne ayant besoin d\u2019un avis m\u00e9dical doit consulter un m\u00e9decin. L\u2019ensemble des informations de nature m\u00e9dicale et scientifique pr\u00e9sentes sur notre site a \u00e9t\u00e9 s\u00e9lectionn\u00e9 \u00e0 partir de publications scientifiques fiables par une \u00e9quipe \u00e9ditoriale sp\u00e9cialis\u00e9e et valid\u00e9 par des professionnels de sant\u00e9.<\/p>\n<h2>\nConditions d\u2019utilisation<\/h2>\n<p>Le pr\u00e9sent site est soumis au droit fran\u00e7ais. Vous reconnaissez avoir pris connaissance des pr\u00e9sentes conditions g\u00e9n\u00e9rales d\u2019utilisation et vous vous engagez \u00e0 les respecter.<\/p>\n<p>Vous reconnaissez avoir v\u00e9rifi\u00e9 que la configuration de votre ordinateur est exempte de virus et en parfait \u00e9tat de fonctionnement. L\u2019\u00e9diteur du site met tout en \u0153uvre pour vous fournir des informations et\/ou des outils disponibles et v\u00e9rifi\u00e9s, mais ne saurait \u00eatre tenu responsable des erreurs, de l\u2019indisponibilit\u00e9 des informations et\/ou de la pr\u00e9sence d\u2019un virus sur son site.<br \/>\nLes informations pr\u00e9sentes sur ce site, r\u00e9guli\u00e8rement mises \u00e0 jour, ne constituent ni un avis m\u00e9dical ni des instructions th\u00e9rapeutiques. Toute personne n\u00e9cessitant un avis m\u00e9dical doit consulter son m\u00e9decin.<br \/>\nLa F\u00e9d\u00e9ration Unicancer s\u2019efforce de fournir sur ce site des informations valid\u00e9es, \u00e0 jour, fiables et compr\u00e9hensibles. N\u00e9anmoins, des erreurs, omissions ou inexactitudes ind\u00e9pendantes de sa volont\u00e9 peuvent survenir. La F\u00e9d\u00e9ration ou toute autre partie impliqu\u00e9e dans le fonctionnement de ce serveur ne pourra \u00eatre tenue responsable des dommages r\u00e9sultant de l\u2019utilisation de ces donn\u00e9es.<br \/>\nL\u2019utilisateur reconna\u00eet qu\u2019Unicancer se r\u00e9serve le droit de modifier, d\u2019interrompre temporairement ou d\u00e9finitivement tout ou partie du site, sans pr\u00e9avis. Unicancer ne pourra \u00eatre tenu responsable en cas d\u2019indisponibilit\u00e9 temporaire du site, notamment en cas de maintenance du site ou du serveur sur lequel il est h\u00e9berg\u00e9, en cas d\u2019incident technique ou, plus g\u00e9n\u00e9ralement, en cas d\u2019\u00e9v\u00e9nement \u00e9chappant \u00e0 son contr\u00f4le.<\/p>\n<h2>Donn\u00e9es personnelles<\/h2>\n<p>L\u2019\u00c9diteur est responsable du traitement des donn\u00e9es et assure la gestion des donn\u00e9es personnelles collect\u00e9es sur le Site.<br \/>\nLes modalit\u00e9s de collecte, d\u2019utilisation et de suppression de ces donn\u00e9es sont d\u00e9finies dans la politique de confidentialit\u00e9 accessible \u00e0 l\u2019adresse suivante (lien hypertexte).<\/p>\n<h2>Liens hypertextes<\/h2>\n<p>Le Site peut contenir des liens hypertextes vous permettant d\u2019acc\u00e9der \u00e0 d\u2019autres sites qui ne sont pas contr\u00f4l\u00e9s par l\u2019\u00c9diteur. En cons\u00e9quence, l\u2019\u00c9diteur d\u00e9cline toute responsabilit\u00e9 quant au contenu de ces sites ou \u00e0 l\u2019impossibilit\u00e9 d\u2019y acc\u00e9der ou d\u2019acc\u00e9der \u00e0 certains de leurs contenus.<br \/>\nTout lien hypertexte vers le pr\u00e9sent site doit faire l\u2019objet d\u2019une autorisation pr\u00e9alable et expresse de l\u2019\u00e9diteur.<\/p>\n<h2>Responsabilit\u00e9 et responsabilit\u00e9 civile<\/h2>\n<p>Les contenus sont fournis \u00e0 titre d\u2019information g\u00e9n\u00e9rale uniquement.<br \/>\nNous nous effor\u00e7ons de mettre r\u00e9guli\u00e8rement le Site \u00e0 jour&nbsp;; toutefois, il est possible que certaines informations ne soient pas \u00e0 jour ou comportent des erreurs. Le Site n\u2019est pas n\u00e9cessairement mis \u00e0 jour quotidiennement et certaines informations peuvent ne pas \u00eatre les plus r\u00e9centes.<br \/>\nPar cons\u00e9quent, avant d\u2019entreprendre toute action sur la base d\u2019informations trouv\u00e9es sur le Site, nous vous invitons \u00e0 en v\u00e9rifier l\u2019exactitude aupr\u00e8s de tiers ou en nous contactant.<\/p>\n<h2>Droits de propri\u00e9t\u00e9 intellectuelle<\/h2>\n<p>Le pr\u00e9sent site internet et l\u2019ensemble de ses composants, notamment les programmes, donn\u00e9es, textes, images, sons, dessins, graphismes, etc., sont prot\u00e9g\u00e9s par le droit de la propri\u00e9t\u00e9 intellectuelle, notamment par le droit d\u2019auteur et le droit des marques. Le site doit \u00eatre consid\u00e9r\u00e9 comme un tout indivisible. Les informations qui y figurent sont destin\u00e9es \u00e0 un usage strictement personnel et ne peuvent \u00eatre reproduites ou communiqu\u00e9es, en tout ou en partie.<br \/>\nToute copie, reproduction, repr\u00e9sentation, adaptation ou diffusion, en tout ou en partie, du site internet, par quelque proc\u00e9d\u00e9 que ce soit et sur quelque support que ce soit, est illicite sans l\u2019accord \u00e9crit pr\u00e9alable et expr\u00e8s du directeur de la publication.<br \/>\nCertaines donn\u00e9es (textes, publications, sons ou images) figurant sur les pages de ce site ont fait l\u2019objet d\u2019une autorisation de publication, de diffusion ou d\u2019un droit d\u2019utilisation acquis aupr\u00e8s de tiers. Toute reproduction, repr\u00e9sentation ou diffusion, \u00e0 des fins autres que personnelles ou express\u00e9ment autoris\u00e9es, de tout ou partie du contenu du site, sur quelque support ou par quelque proc\u00e9d\u00e9 que ce soit, est interdite. Le non-respect de cette interdiction constitue une contrefa\u00e7on susceptible d\u2019engager la responsabilit\u00e9 civile et p\u00e9nale de son auteur.<br \/>\nToute utilisation non autoris\u00e9e du contenu ou des informations du site, notamment \u00e0 des fins commerciales, peut donner lieu \u00e0 des poursuites judiciaires de la part des titulaires des droits concern\u00e9s pour contrefa\u00e7on et\/ou concurrence d\u00e9loyale et\/ou parasitisme. Il est strictement interdit d\u2019utiliser ou de reproduire le logo Unicancer, seul ou associ\u00e9, \u00e0 quelque fin que ce soit, et notamment \u00e0 des fins publicitaires, sans l\u2019accord \u00e9crit pr\u00e9alable de la F\u00e9d\u00e9ration Unicancer.<\/p>\n<h2>Droit applicable et juridiction comp\u00e9tente<\/h2>\n<p>Si vous rencontrez des difficult\u00e9s en lien avec notre Site ou nos contenus, nous restons \u00e0 votre disposition pour en discuter&nbsp;; vous pouvez nous contacter par courrier \u00e9lectronique (<a href=\"mailto:pathforyoung-website@unicancer.fr\" target=\"_blank\" rel=\"noopener\">pathforyoung-website@unicancer.fr<\/a>).<br \/>\nNous vous rappelons que seul le droit fran\u00e7ais est applicable \u00e0 notre activit\u00e9 professionnelle ainsi qu\u2019\u00e0 nos outils de communication, y compris notre Site et ses contenus.<\/p>\n<\/div>\r\n<\/div><\/div>\n","protected":false},"excerpt":{"rendered":"","protected":false},"author":2,"featured_media":0,"parent":0,"menu_order":0,"comment_status":"closed","ping_status":"closed","template":"","meta":{"_acf_changed":false,"_uag_custom_page_level_css":"","_analytify_skip_tracking":false,"footnotes":""},"class_list":["post-2183","page","type-page","status-publish","hentry"],"acf":[],"yoast_head":"<!-- This site is optimized with the Yoast SEO plugin v27.2 - https:\/\/yoast.com\/product\/yoast-seo-wordpress\/ -->\n<title>Mentions l\u00e9gales - Path-for-young<\/title>\n<meta name=\"robots\" content=\"index, follow, max-snippet:-1, max-image-preview:large, max-video-preview:-1\" \/>\n<link rel=\"canonical\" href=\"https:\/\/path-for-young.unicancer.fr\/fr\/mentions-legales\/\" \/>\n<meta property=\"og:locale\" content=\"fr_FR\" \/>\n<meta property=\"og:type\" content=\"article\" \/>\n<meta property=\"og:title\" content=\"Mentions l\u00e9gales - Path-for-young\" \/>\n<meta property=\"og:url\" content=\"https:\/\/path-for-young.unicancer.fr\/fr\/mentions-legales\/\" \/>\n<meta property=\"og:site_name\" content=\"Path-for-young\" \/>\n<meta property=\"article:modified_time\" content=\"2026-02-24T08:03:06+00:00\" \/>\n<meta name=\"twitter:card\" content=\"summary_large_image\" \/>\n<script type=\"application\/ld+json\" class=\"yoast-schema-graph\">{\"@context\":\"https:\/\/schema.org\",\"@graph\":[{\"@type\":\"WebPage\",\"@id\":\"https:\/\/path-for-young.unicancer.fr\/fr\/mentions-legales\/\",\"url\":\"https:\/\/path-for-young.unicancer.fr\/fr\/mentions-legales\/\",\"name\":\"Mentions l\u00e9gales - Path-for-young\",\"isPartOf\":{\"@id\":\"https:\/\/path-for-young.unicancer.fr\/fr\/#website\"},\"datePublished\":\"2025-06-11T14:18:40+00:00\",\"dateModified\":\"2026-02-24T08:03:06+00:00\",\"breadcrumb\":{\"@id\":\"https:\/\/path-for-young.unicancer.fr\/fr\/mentions-legales\/#breadcrumb\"},\"inLanguage\":\"fr-FR\",\"potentialAction\":[{\"@type\":\"ReadAction\",\"target\":[\"https:\/\/path-for-young.unicancer.fr\/fr\/mentions-legales\/\"]}]},{\"@type\":\"BreadcrumbList\",\"@id\":\"https:\/\/path-for-young.unicancer.fr\/fr\/mentions-legales\/#breadcrumb\",\"itemListElement\":[{\"@type\":\"ListItem\",\"position\":1,\"name\":\"Home\",\"item\":\"https:\/\/path-for-young.unicancer.fr\/fr\/accueil\/\"},{\"@type\":\"ListItem\",\"position\":2,\"name\":\"Mentions l\u00e9gales\"}]},{\"@type\":\"WebSite\",\"@id\":\"https:\/\/path-for-young.unicancer.fr\/fr\/#website\",\"url\":\"https:\/\/path-for-young.unicancer.fr\/fr\/\",\"name\":\"Path for Young\",\"description\":\"\",\"potentialAction\":[{\"@type\":\"SearchAction\",\"target\":{\"@type\":\"EntryPoint\",\"urlTemplate\":\"https:\/\/path-for-young.unicancer.fr\/fr\/?s={search_term_string}\"},\"query-input\":{\"@type\":\"PropertyValueSpecification\",\"valueRequired\":true,\"valueName\":\"search_term_string\"}}],\"inLanguage\":\"fr-FR\"}]}<\/script>\n<!-- \/ Yoast SEO plugin. -->","yoast_head_json":{"title":"Mentions l\u00e9gales - Path-for-young","robots":{"index":"index","follow":"follow","max-snippet":"max-snippet:-1","max-image-preview":"max-image-preview:large","max-video-preview":"max-video-preview:-1"},"canonical":"https:\/\/path-for-young.unicancer.fr\/fr\/mentions-legales\/","og_locale":"fr_FR","og_type":"article","og_title":"Mentions l\u00e9gales - Path-for-young","og_url":"https:\/\/path-for-young.unicancer.fr\/fr\/mentions-legales\/","og_site_name":"Path-for-young","article_modified_time":"2026-02-24T08:03:06+00:00","twitter_card":"summary_large_image","schema":{"@context":"https:\/\/schema.org","@graph":[{"@type":"WebPage","@id":"https:\/\/path-for-young.unicancer.fr\/fr\/mentions-legales\/","url":"https:\/\/path-for-young.unicancer.fr\/fr\/mentions-legales\/","name":"Mentions l\u00e9gales - Path-for-young","isPartOf":{"@id":"https:\/\/path-for-young.unicancer.fr\/fr\/#website"},"datePublished":"2025-06-11T14:18:40+00:00","dateModified":"2026-02-24T08:03:06+00:00","breadcrumb":{"@id":"https:\/\/path-for-young.unicancer.fr\/fr\/mentions-legales\/#breadcrumb"},"inLanguage":"fr-FR","potentialAction":[{"@type":"ReadAction","target":["https:\/\/path-for-young.unicancer.fr\/fr\/mentions-legales\/"]}]},{"@type":"BreadcrumbList","@id":"https:\/\/path-for-young.unicancer.fr\/fr\/mentions-legales\/#breadcrumb","itemListElement":[{"@type":"ListItem","position":1,"name":"Home","item":"https:\/\/path-for-young.unicancer.fr\/fr\/accueil\/"},{"@type":"ListItem","position":2,"name":"Mentions l\u00e9gales"}]},{"@type":"WebSite","@id":"https:\/\/path-for-young.unicancer.fr\/fr\/#website","url":"https:\/\/path-for-young.unicancer.fr\/fr\/","name":"Path for Young","description":"","potentialAction":[{"@type":"SearchAction","target":{"@type":"EntryPoint","urlTemplate":"https:\/\/path-for-young.unicancer.fr\/fr\/?s={search_term_string}"},"query-input":{"@type":"PropertyValueSpecification","valueRequired":true,"valueName":"search_term_string"}}],"inLanguage":"fr-FR"}]}},"uagb_featured_image_src":{"full":false,"thumbnail":false,"medium":false,"medium_large":false,"large":false,"1536x1536":false,"2048x2048":false,"post-thumbnail":false,"fhd":false,"wqhd":false},"uagb_author_info":{"display_name":"Guillaume Armandi","author_link":"https:\/\/path-for-young.unicancer.fr\/fr\/author\/guillaumesupertag-fr\/"},"uagb_comment_info":0,"uagb_excerpt":null,"_links":{"self":[{"href":"https:\/\/path-for-young.unicancer.fr\/fr\/wp-json\/wp\/v2\/pages\/2183","targetHints":{"allow":["GET"]}}],"collection":[{"href":"https:\/\/path-for-young.unicancer.fr\/fr\/wp-json\/wp\/v2\/pages"}],"about":[{"href":"https:\/\/path-for-young.unicancer.fr\/fr\/wp-json\/wp\/v2\/types\/page"}],"author":[{"embeddable":true,"href":"https:\/\/path-for-young.unicancer.fr\/fr\/wp-json\/wp\/v2\/users\/2"}],"replies":[{"embeddable":true,"href":"https:\/\/path-for-young.unicancer.fr\/fr\/wp-json\/wp\/v2\/comments?post=2183"}],"version-history":[{"count":3,"href":"https:\/\/path-for-young.unicancer.fr\/fr\/wp-json\/wp\/v2\/pages\/2183\/revisions"}],"predecessor-version":[{"id":2189,"href":"https:\/\/path-for-young.unicancer.fr\/fr\/wp-json\/wp\/v2\/pages\/2183\/revisions\/2189"}],"wp:attachment":[{"href":"https:\/\/path-for-young.unicancer.fr\/fr\/wp-json\/wp\/v2\/media?parent=2183"}],"curies":[{"name":"wp","href":"https:\/\/api.w.org\/{rel}","templated":true}]}}