{"id":2168,"date":"2025-05-24T18:42:13","date_gmt":"2025-05-24T16:42:13","guid":{"rendered":"https:\/\/path-for-young.unicancer.fr\/?page_id=2168"},"modified":"2026-03-12T08:59:04","modified_gmt":"2026-03-12T07:59:04","slug":"objectifs-du-projet-path-for-young","status":"publish","type":"page","link":"https:\/\/path-for-young.unicancer.fr\/fr\/path-for-young\/objectifs-du-projet-path-for-young\/","title":{"rendered":"Objectifs du projet Path-for-young"},"content":{"rendered":"\n<div class=\"wp-block-uagb-container uagb-block-ce518270 alignfull uagb-is-root-container\"><div class=\"uagb-container-inner-blocks-wrap\"><div class=\"plmb plmb-text mce-content clearfix format-intro\">\r\n\t<h1>Objectifs du<br \/>\nprojet Path-for-young<\/h1>\n<\/div>\r\n<\/div><\/div>\n\n<div class=\"wp-block-uagb-container uagb-block-a830ba73 alignwide uagb-is-root-container\"><div class=\"plmb plmb-path-accordions-group\">\r\n\t<div class=\"path-accordions-group\">\r\n\t\t<div class=\"path-accordions-group-summary\">\r\n\t\t\t<h3>Objectifs<\/h3>\r\n\t\t\t<ul><\/ul>\r\n\t\t<\/div>\r\n\t\t<div class=\"path-accordions-group-wrapper\">\r\n\t\t\t<div class=\"acf-innerblocks-container\">\n<div class=\"plmb plmb-path-accordion accordion-grey\">\r\n\t<div class=\"path-accordion\">\r\n\t\t<h2><button type=\"button\" aria-expanded=\"false\" aria-controls=\"plmb-path-accordion-69dc3d0ff0a60\">R\u00e9duire la chimioth\u00e9rapie sans compromettre les r\u00e9sultats<\/button><\/h2>\r\n\t\t<div class=\"path-accordion-inner\" aria-labelledby=\"plmb-path-accordion-69dc3d0ff0a60\" role=\"region\">\r\n\t\t\t<div class=\"path-accordion-content mce-content\">\r\n\t\t\t\t<p style=\"font-weight: 400\"><span style=\"color: #31b4e7\">D\u00e9montrer que les patientes pr\u00e9m\u00e9nopaus\u00e9es atteintes d'un cancer du sein HR+HER2- \u00e0 haut risque et recevant une hormonoth\u00e9rapie optimale (ET) peuvent \u00eatre stratifi\u00e9es pour \u00e9viter la chimioth\u00e9rapie adjuvante (CT) sans nuire au r\u00e9sultat clinique et en am\u00e9liorant la qualit\u00e9 de vie (QOL) \u00e0 long terme.<\/span><\/p>\n<ul>\n<li>Cet objectif sera atteint en menant l'essai international Optima-young dans 20 pays europ\u00e9ens, 3 pays d'Am\u00e9rique latine et 2 pays d'Oc\u00e9anie.<\/li>\n<\/ul>\n\t\t\t<\/div>\r\n\t\t<\/div>\r\n\t<\/div>\r\n<\/div>\r\n\n\n<div class=\"plmb plmb-path-accordion accordion-grey\">\r\n\t<div class=\"path-accordion\">\r\n\t\t<h2><button type=\"button\" aria-expanded=\"false\" aria-controls=\"plmb-path-accordion-69dc3d0ff0eed\">Renforcer les soins gr\u00e2ce \u00e0 des outils de sant\u00e9 num\u00e9rique personnalis\u00e9s<\/button><\/h2>\r\n\t\t<div class=\"path-accordion-inner\" aria-labelledby=\"plmb-path-accordion-69dc3d0ff0eed\" role=\"region\">\r\n\t\t\t<div class=\"path-accordion-content mce-content\">\r\n\t\t\t\t<p><span style=\"color: #31b4e7\">D\u00e9montrer l'efficacit\u00e9 des outils de sant\u00e9 num\u00e9rique personnalis\u00e9s existants pour aborder les questions particuli\u00e8rement pertinentes pour les patientes pr\u00e9m\u00e9nopaus\u00e9es dans un parcours de soins de soutien personnalis\u00e9.<\/span><\/p>\n<ul>\n<li>Ceci sera r\u00e9alis\u00e9 dans le cadre d'une sous-\u00e9tude de l'essai clinique Optima-young, qui testera formellement, aupr\u00e8s de patientes de 3 pays europ\u00e9ens, un compagnon num\u00e9rique pour autonomiser les patientes vers des actions de r\u00e9habilitation d'autogestion, maximisant la qualit\u00e9 de vie, l'auto-efficacit\u00e9 et l'adh\u00e9sion \u00e0 l'hormonoth\u00e9rapie.<\/li>\n<\/ul>\n\t\t\t<\/div>\r\n\t\t<\/div>\r\n\t<\/div>\r\n<\/div>\r\n\n\n<div class=\"plmb plmb-path-accordion accordion-grey\">\r\n\t<div class=\"path-accordion\">\r\n\t\t<h2><button type=\"button\" aria-expanded=\"false\" aria-controls=\"plmb-path-accordion-69dc3d0ff1252\">Comprendre les besoins des patientes et l&#039;impact soci\u00e9tal<\/button><\/h2>\r\n\t\t<div class=\"path-accordion-inner\" aria-labelledby=\"plmb-path-accordion-69dc3d0ff1252\" role=\"region\">\r\n\t\t\t<div class=\"path-accordion-content mce-content\">\r\n\t\t\t\t<p><span style=\"color: #31b4e7\">\u00c9valuer les questions particuli\u00e8rement pertinentes pour les patientes pr\u00e9m\u00e9nopaus\u00e9es, ainsi que l'impact soci\u00e9tal d'une approche personnalis\u00e9e pour adapter le traitement adjuvant aux patientes pr\u00e9m\u00e9nopaus\u00e9es.<\/span><\/p>\n<ul>\n<li>Ceci sera r\u00e9alis\u00e9 en recueillant, aupr\u00e8s des patientes incluses dans Optima-young, l'exp\u00e9rience compl\u00e8te des patientes tout au long de leur parcours de soins, y compris le fardeau physique et psychosocial li\u00e9 au traitement et la qualit\u00e9 de vie, ainsi que les besoins sp\u00e9cifiques pertinents pour cette population de patientes, en utilisant des donn\u00e9es g\u00e9n\u00e9r\u00e9es par les patientes (PGD), y compris les mesures de r\u00e9sultats rapport\u00e9es par les patientes (PROMs), les mesures d'exp\u00e9rience rapport\u00e9es par les patientes (PREMs) et les informations sur les pr\u00e9f\u00e9rences des patientes. Les domaines d'int\u00e9r\u00eat comprennent le fonctionnement physique, \u00e9motionnel et social, le fonctionnement cognitif, le fonctionnement sexuel et l'adh\u00e9sion \u00e0 l'ET, la sant\u00e9 osseuse, la fertilit\u00e9, la sant\u00e9 cardiovasculaire, les aspects du retour au travail et les besoins en mati\u00e8re de soins de soutien et de communication. La motivation des patientes \u00e0 participer \u00e0 l'essai ainsi que le regret d\u00e9cisionnel apr\u00e8s l'entr\u00e9e dans l'essai seront \u00e9galement explor\u00e9s. Une \u00e9quipe multidisciplinaire comprenant des experts en sciences sociales et humaines sera impliqu\u00e9e.   <\/li>\n<\/ul>\n\t\t\t<\/div>\r\n\t\t<\/div>\r\n\t<\/div>\r\n<\/div>\r\n\n\n<div class=\"plmb plmb-path-accordion accordion-grey\">\r\n\t<div class=\"path-accordion\">\r\n\t\t<h2><button type=\"button\" aria-expanded=\"false\" aria-controls=\"plmb-path-accordion-69dc3d0ff151a\">Orienter les politiques avec les tests g\u00e9nomiques et les outils num\u00e9riques<\/button><\/h2>\r\n\t\t<div class=\"path-accordion-inner\" aria-labelledby=\"plmb-path-accordion-69dc3d0ff151a\" role=\"region\">\r\n\t\t\t<div class=\"path-accordion-content mce-content\">\r\n\t\t\t\t<p><span style=\"color: #31b4e7\">Informer les d\u00e9cideurs et les autorit\u00e9s de sant\u00e9 du r\u00f4le d'un test d'expression g\u00e9nique multiparam\u00e9trique dans l'adaptation du traitement pour les patientes pr\u00e9m\u00e9nopaus\u00e9es, mais aussi du r\u00f4le des compagnons num\u00e9riques dans le parcours des patientes, en assurant sa strat\u00e9gie de mise en \u0153uvre dans diff\u00e9rents syst\u00e8mes de sant\u00e9.<\/span><\/p>\n<ul>\n<li>Ceci sera r\u00e9alis\u00e9 en effectuant une \u00e9valuation compl\u00e8te des technologies de la sant\u00e9 (ETS), avec une cartographie pr\u00e9alable des exigences en mati\u00e8re d'ETS dans tous les pays participants. Cela ouvrira la voie \u00e0 l'\u00e9laboration et \u00e0 la diffusion de lignes directrices pragmatiques pour les autorit\u00e9s sanitaires internationales et la communaut\u00e9 m\u00e9dicale en termes d'outils de d\u00e9sescalade th\u00e9rapeutique et de soins de soutien. <\/li>\n<\/ul>\n\t\t\t<\/div>\r\n\t\t<\/div>\r\n\t<\/div>\r\n<\/div>\r\n\n\n<div class=\"plmb plmb-path-accordion accordion-grey\">\r\n\t<div class=\"path-accordion\">\r\n\t\t<h2><button type=\"button\" aria-expanded=\"false\" aria-controls=\"plmb-path-accordion-69dc3d0ff17d0\">Placer les patientes au c\u0153ur de la recherche sur le cancer<\/button><\/h2>\r\n\t\t<div class=\"path-accordion-inner\" aria-labelledby=\"plmb-path-accordion-69dc3d0ff17d0\" role=\"region\">\r\n\t\t\t<div class=\"path-accordion-content mce-content\">\r\n\t\t\t\t<p><span style=\"color: #31b4e7\">Favoriser la cocr\u00e9ation avec les patientes comme \u00e9l\u00e9ment essentiel de la recherche sur le cancer et promouvoir l'engagement dans la recherche ax\u00e9e sur les patientes et la survie.<\/span><\/p>\n<ul>\n<li>Nous cr\u00e9erons une culture d'engagement et de cocr\u00e9ation des patientes en utilisant la m\u00e9thodologie Living Lab et l'expertise des sciences sociales et humaines et des grands groupes de d\u00e9fense des patientes, les d\u00e9fenseurs d'Europa Donna, Independent Cancer Patients Voices (Implication des Patients et du Public [PPI] d'Optima) et la BIG Patient Partnership Initiative, mais aussi des organisations d'autonomisation des patientes comme EUPATI. La cocr\u00e9ation sera pr\u00e9sente tout au long du projet. <\/li>\n<\/ul>\n\t\t\t<\/div>\r\n\t\t<\/div>\r\n\t<\/div>\r\n<\/div>\r\n\n\n<div class=\"plmb plmb-path-accordion accordion-grey\">\r\n\t<div class=\"path-accordion\">\r\n\t\t<h2><button type=\"button\" aria-expanded=\"false\" aria-controls=\"plmb-path-accordion-69dc3d0ff1a67\">Construire une plateforme num\u00e9rique s\u00e9curis\u00e9e et ouverte pour les patientes<\/button><\/h2>\r\n\t\t<div class=\"path-accordion-inner\" aria-labelledby=\"plmb-path-accordion-69dc3d0ff1a67\" role=\"region\">\r\n\t\t\t<div class=\"path-accordion-content mce-content\">\r\n\t\t\t\t<p><span style=\"color: #31b4e7\">Consolider et pr\u00e9senter une infrastructure num\u00e9rique (WeShare) ax\u00e9e sur les patientes pr\u00e9m\u00e9nopaus\u00e9es, avec une approche de science ouverte et de donn\u00e9es ouvertes qui assure la protection de la propri\u00e9t\u00e9 intellectuelle g\u00e9n\u00e9r\u00e9e pendant le projet. <\/span><\/p>\n<ul>\n<li>Ce travail s'appuiera sur une plateforme num\u00e9rique existante (WeShare) pour une recherche inclusive et diversifi\u00e9e, d\u00e9centralis\u00e9e, le partage de donn\u00e9es et la mise en r\u00e9seau intercontinentale (d\u00e9j\u00e0 d\u00e9velopp\u00e9e et d\u00e9ploy\u00e9e par Unicancer, \u00e0 consolider et \u00e0 \u00e9tendre pendant le projet au niveau de l'UE et hors UE). Ce type d'infrastructure peut faciliter la mise en \u0153uvre d'essais cliniques pragmatiques utilisant des outils de recherche num\u00e9riques. En outre, nous mettrons en \u0153uvre des actions sp\u00e9cifiques dans l'infrastructure pour assurer la diversit\u00e9 dans l'inclusion (par exemple, des outils de d\u00e9pistage et de navigation pour v\u00e9rifier l'\u00e9ligibilit\u00e9, une bo\u00eete \u00e0 outils pour l'inclusion et la diversit\u00e9).  <\/li>\n<\/ul>\n\t\t\t<\/div>\r\n\t\t<\/div>\r\n\t<\/div>\r\n<\/div>\r\n\n\n<div class=\"plmb plmb-path-accordion accordion-grey\">\r\n\t<div class=\"path-accordion\">\r\n\t\t<h2><button type=\"button\" aria-expanded=\"false\" aria-controls=\"plmb-path-accordion-69dc3d0ff1d15\">Partager les connaissances et faire progresser les soins mondiaux du cancer du sein<\/button><\/h2>\r\n\t\t<div class=\"path-accordion-inner\" aria-labelledby=\"plmb-path-accordion-69dc3d0ff1d15\" role=\"region\">\r\n\t\t\t<div class=\"path-accordion-content mce-content\">\r\n\t\t\t\t<p><span style=\"color: #31b4e7\">Communiquer, diffuser et exploiter les connaissances sur les strat\u00e9gies de traitement am\u00e9lior\u00e9es pour les patientes pr\u00e9m\u00e9nopaus\u00e9es atteintes d'un cancer du sein HR+HER2- \u00e0 haut risque et promouvoir la mise en r\u00e9seau intercontinentale et les efforts coordonn\u00e9s pour am\u00e9liorer les soins du cancer du sein.<\/span><\/p>\n<ul>\n<li>Cet objectif repr\u00e9sentera un pont essentiel entre les r\u00e9sultats de Path-for-young et l'adoption d'une nouvelle norme de soins pour ces patientes, assurant un impact maximal et la couverture la plus large possible aupr\u00e8s de toutes les parties prenantes pertinentes. Il est important de noter qu'aux \u00c9tats-Unis et au Canada, l'\u00e9tude OFSET (IP&nbsp;: Terry Mamounas) aborde \u00e9galement le r\u00f4le de la CT dans une population d\u00e9finie g\u00e9nomiquement (utilisant un test diff\u00e9rent, le score de r\u00e9cidive Oncotype \u00e0 21 g\u00e8nes), o\u00f9 toutes les patientes pr\u00e9m\u00e9nopaus\u00e9es recevront une ET optimale. Dans OFSET, environ 4000 patientes avec un score de r\u00e9cidive &lt;25 sont randomis\u00e9es pour recevoir OFS plus ET, ou l'ajout de CT \u00e0 OFS plus ET, avec un objectif principal d'\u00e9valuer l'IBCFS. De plus, dans OFSET, un registre conjoint ax\u00e9 sur la QOL est en cours (Ann Partridge co-IP [DFCI] et partenaire dans Path-for-young). Nous assurerons la collaboration entre le consortium Path-for-young et l'\u00e9tude nord-am\u00e9ricaine OFSET via le r\u00e9seau existant. La collaboration Path-for-young \u2013 OFSET permettra l'\u00e9change d'outils et de r\u00e9sultats de recherche, y compris l'ouverture de la possibilit\u00e9 d'analyses group\u00e9es ult\u00e9rieures et de plusieurs \u00e9tudes exploratoires qui pourront grandement acc\u00e9l\u00e9rer la recherche ax\u00e9e sur les jeunes patientes atteintes d'un cancer du sein. OFSET anticipe des r\u00e9sultats d\u00e9finitifs apr\u00e8s 2034. En outre, les partenaires de Path-for-young g\u00e8rent plusieurs bases de donn\u00e9es existantes ax\u00e9es sur les patientes pr\u00e9m\u00e9nopaus\u00e9es (UNICANCER&nbsp;: CANTO-YOUNG&nbsp;; DFCI&nbsp;: YWC&nbsp;; GIM&nbsp;: BRCA BCY Collaboration) qui permettront de structurer un r\u00e9seau solide pour \u00e9tudier les questions d'int\u00e9r\u00eat pour cette population de patientes.       <\/li>\n<\/ul>\n\t\t\t<\/div>\r\n\t\t<\/div>\r\n\t<\/div>\r\n<\/div>\r\n\n<\/div>\r\n\t\t<\/div>\r\n\t<\/div>\r\n<\/div>\r\n<\/div>\n\n<div class=\"wp-block-uagb-container uagb-block-3703e03e alignwide uagb-is-root-container\">\n<div class=\"wp-block-uagb-container page-nav-blue uagb-block-b277c911\"><div class=\"plmb plmb-image image-style-none\">\r\n\t\t<figure style=\"width:80px\">\r\n\t\t<div class=\"image-wrapper\" style=\"height:80px\"><img loading=\"lazy\" decoding=\"async\" width=\"1\" height=\"1\" src=\"https:\/\/path-for-young.unicancer.fr\/wp-content\/uploads\/2025\/05\/left-arrow.svg\" class=\"attachment-fhd size-fhd\" alt=\"previous page\" \/><\/div>\t<\/figure>\r\n\t\t<\/div>\r\n\n\n<div class=\"plmb plmb-text mce-content clearfix format-light-margin-title\">\r\n\t<h3 style=\"text-align: left\"><span style=\"font-size: 25px\">Path-for-young<\/span><\/h3>\n<\/div>\r\n<a class=\"spectra-container-link-overlay\" rel=\"noopener\" href=\"https:\/\/path-for-young.unicancer.fr\/fr\/path-for-young\/\"> <\/a><\/div>\n\n\n\n<div class=\"wp-block-uagb-container page-nav-green uagb-block-00ee5efe\"><div class=\"plmb plmb-image image-style-none\">\r\n\t\t<figure style=\"width:80px\">\r\n\t\t<div class=\"image-wrapper\" style=\"height:80px\"><img loading=\"lazy\" decoding=\"async\" width=\"1\" height=\"1\" src=\"https:\/\/path-for-young.unicancer.fr\/wp-content\/uploads\/2025\/05\/right-arrow.svg\" class=\"attachment-fhd size-fhd\" alt=\"next page\" \/><\/div>\t<\/figure>\r\n\t\t<\/div>\r\n\n\n<div class=\"plmb plmb-text mce-content clearfix format-light-margin-title\">\r\n\t<h3 style=\"text-align: right\"><span style=\"font-size: 25px\">Organisation du projet <\/span><br \/>\n<span style=\"font-size: 25px\">&amp; lots de travail<\/span><\/h3>\n<\/div>\r\n<a class=\"spectra-container-link-overlay\" rel=\"noopener\" href=\"https:\/\/path-for-young.unicancer.fr\/fr\/path-for-young\/organisation-du-projet-workpackages\/\"> <\/a><\/div>\n\n\n\n<div class=\"wp-block-uagb-container page-nav-beige uagb-block-3af345e6\"><div class=\"plmb plmb-image image-style-none\">\r\n\t\t<figure style=\"width:80px\">\r\n\t\t<div class=\"image-wrapper\" style=\"height:80px\"><img loading=\"lazy\" decoding=\"async\" width=\"1\" height=\"1\" src=\"https:\/\/path-for-young.unicancer.fr\/wp-content\/uploads\/2025\/05\/right-arrow.svg\" class=\"attachment-fhd size-fhd\" alt=\"next page\" \/><\/div>\t<\/figure>\r\n\t\t<\/div>\r\n\n\n<div class=\"plmb plmb-text mce-content clearfix format-light-margin-title\">\r\n\t<h3 style=\"text-align: right\"><span style=\"font-size: 25px\">Ambition du<\/span><br \/>\n<span style=\"font-size: 25px\">projet Path-for-young<\/span><\/h3>\n<\/div>\r\n<a class=\"spectra-container-link-overlay\" rel=\"noopener\" href=\"https:\/\/path-for-young.unicancer.fr\/fr\/path-for-young\/ambition-du-projet-path-for-young\/\"> <\/a><\/div>\n<\/div>\n","protected":false},"excerpt":{"rendered":"","protected":false},"author":1,"featured_media":0,"parent":2406,"menu_order":0,"comment_status":"closed","ping_status":"closed","template":"","meta":{"_acf_changed":false,"_uag_custom_page_level_css":"","_analytify_skip_tracking":false,"footnotes":""},"class_list":["post-2168","page","type-page","status-publish","hentry"],"acf":[],"yoast_head":"<!-- This site is optimized with the Yoast SEO plugin v27.2 - https:\/\/yoast.com\/product\/yoast-seo-wordpress\/ -->\n<title>Objectifs du projet Path-for-young - Path-for-young<\/title>\n<meta name=\"robots\" content=\"index, follow, max-snippet:-1, max-image-preview:large, max-video-preview:-1\" \/>\n<link rel=\"canonical\" href=\"https:\/\/path-for-young.unicancer.fr\/fr\/path-for-young\/objectifs-du-projet-path-for-young\/\" \/>\n<meta property=\"og:locale\" content=\"fr_FR\" \/>\n<meta property=\"og:type\" content=\"article\" \/>\n<meta property=\"og:title\" content=\"Objectifs du projet Path-for-young - Path-for-young\" \/>\n<meta property=\"og:url\" content=\"https:\/\/path-for-young.unicancer.fr\/fr\/path-for-young\/objectifs-du-projet-path-for-young\/\" \/>\n<meta property=\"og:site_name\" content=\"Path-for-young\" \/>\n<meta property=\"article:modified_time\" content=\"2026-03-12T07:59:04+00:00\" \/>\n<meta name=\"twitter:card\" content=\"summary_large_image\" \/>\n<script type=\"application\/ld+json\" class=\"yoast-schema-graph\">{\"@context\":\"https:\/\/schema.org\",\"@graph\":[{\"@type\":\"WebPage\",\"@id\":\"https:\/\/path-for-young.unicancer.fr\/fr\/path-for-young\/objectifs-du-projet-path-for-young\/\",\"url\":\"https:\/\/path-for-young.unicancer.fr\/fr\/path-for-young\/objectifs-du-projet-path-for-young\/\",\"name\":\"Objectifs du projet Path-for-young - Path-for-young\",\"isPartOf\":{\"@id\":\"https:\/\/path-for-young.unicancer.fr\/fr\/#website\"},\"datePublished\":\"2025-05-24T16:42:13+00:00\",\"dateModified\":\"2026-03-12T07:59:04+00:00\",\"breadcrumb\":{\"@id\":\"https:\/\/path-for-young.unicancer.fr\/fr\/path-for-young\/objectifs-du-projet-path-for-young\/#breadcrumb\"},\"inLanguage\":\"fr-FR\",\"potentialAction\":[{\"@type\":\"ReadAction\",\"target\":[\"https:\/\/path-for-young.unicancer.fr\/fr\/path-for-young\/objectifs-du-projet-path-for-young\/\"]}]},{\"@type\":\"BreadcrumbList\",\"@id\":\"https:\/\/path-for-young.unicancer.fr\/fr\/path-for-young\/objectifs-du-projet-path-for-young\/#breadcrumb\",\"itemListElement\":[{\"@type\":\"ListItem\",\"position\":1,\"name\":\"Home\",\"item\":\"https:\/\/path-for-young.unicancer.fr\/fr\/accueil\/\"},{\"@type\":\"ListItem\",\"position\":2,\"name\":\"Path-for-young\",\"item\":\"https:\/\/path-for-young.unicancer.fr\/fr\/path-for-young\/\"},{\"@type\":\"ListItem\",\"position\":3,\"name\":\"Objectifs du projet Path-for-young\"}]},{\"@type\":\"WebSite\",\"@id\":\"https:\/\/path-for-young.unicancer.fr\/fr\/#website\",\"url\":\"https:\/\/path-for-young.unicancer.fr\/fr\/\",\"name\":\"Path for Young\",\"description\":\"\",\"potentialAction\":[{\"@type\":\"SearchAction\",\"target\":{\"@type\":\"EntryPoint\",\"urlTemplate\":\"https:\/\/path-for-young.unicancer.fr\/fr\/?s={search_term_string}\"},\"query-input\":{\"@type\":\"PropertyValueSpecification\",\"valueRequired\":true,\"valueName\":\"search_term_string\"}}],\"inLanguage\":\"fr-FR\"}]}<\/script>\n<!-- \/ Yoast SEO plugin. -->","yoast_head_json":{"title":"Objectifs du projet Path-for-young - Path-for-young","robots":{"index":"index","follow":"follow","max-snippet":"max-snippet:-1","max-image-preview":"max-image-preview:large","max-video-preview":"max-video-preview:-1"},"canonical":"https:\/\/path-for-young.unicancer.fr\/fr\/path-for-young\/objectifs-du-projet-path-for-young\/","og_locale":"fr_FR","og_type":"article","og_title":"Objectifs du projet Path-for-young - Path-for-young","og_url":"https:\/\/path-for-young.unicancer.fr\/fr\/path-for-young\/objectifs-du-projet-path-for-young\/","og_site_name":"Path-for-young","article_modified_time":"2026-03-12T07:59:04+00:00","twitter_card":"summary_large_image","schema":{"@context":"https:\/\/schema.org","@graph":[{"@type":"WebPage","@id":"https:\/\/path-for-young.unicancer.fr\/fr\/path-for-young\/objectifs-du-projet-path-for-young\/","url":"https:\/\/path-for-young.unicancer.fr\/fr\/path-for-young\/objectifs-du-projet-path-for-young\/","name":"Objectifs du projet Path-for-young - Path-for-young","isPartOf":{"@id":"https:\/\/path-for-young.unicancer.fr\/fr\/#website"},"datePublished":"2025-05-24T16:42:13+00:00","dateModified":"2026-03-12T07:59:04+00:00","breadcrumb":{"@id":"https:\/\/path-for-young.unicancer.fr\/fr\/path-for-young\/objectifs-du-projet-path-for-young\/#breadcrumb"},"inLanguage":"fr-FR","potentialAction":[{"@type":"ReadAction","target":["https:\/\/path-for-young.unicancer.fr\/fr\/path-for-young\/objectifs-du-projet-path-for-young\/"]}]},{"@type":"BreadcrumbList","@id":"https:\/\/path-for-young.unicancer.fr\/fr\/path-for-young\/objectifs-du-projet-path-for-young\/#breadcrumb","itemListElement":[{"@type":"ListItem","position":1,"name":"Home","item":"https:\/\/path-for-young.unicancer.fr\/fr\/accueil\/"},{"@type":"ListItem","position":2,"name":"Path-for-young","item":"https:\/\/path-for-young.unicancer.fr\/fr\/path-for-young\/"},{"@type":"ListItem","position":3,"name":"Objectifs du projet Path-for-young"}]},{"@type":"WebSite","@id":"https:\/\/path-for-young.unicancer.fr\/fr\/#website","url":"https:\/\/path-for-young.unicancer.fr\/fr\/","name":"Path for Young","description":"","potentialAction":[{"@type":"SearchAction","target":{"@type":"EntryPoint","urlTemplate":"https:\/\/path-for-young.unicancer.fr\/fr\/?s={search_term_string}"},"query-input":{"@type":"PropertyValueSpecification","valueRequired":true,"valueName":"search_term_string"}}],"inLanguage":"fr-FR"}]}},"uagb_featured_image_src":{"full":false,"thumbnail":false,"medium":false,"medium_large":false,"large":false,"1536x1536":false,"2048x2048":false,"post-thumbnail":false,"fhd":false,"wqhd":false},"uagb_author_info":{"display_name":"romain@supertag.fr","author_link":"https:\/\/path-for-young.unicancer.fr\/fr\/author\/r-allardconobium-com\/"},"uagb_comment_info":0,"uagb_excerpt":null,"_links":{"self":[{"href":"https:\/\/path-for-young.unicancer.fr\/fr\/wp-json\/wp\/v2\/pages\/2168","targetHints":{"allow":["GET"]}}],"collection":[{"href":"https:\/\/path-for-young.unicancer.fr\/fr\/wp-json\/wp\/v2\/pages"}],"about":[{"href":"https:\/\/path-for-young.unicancer.fr\/fr\/wp-json\/wp\/v2\/types\/page"}],"author":[{"embeddable":true,"href":"https:\/\/path-for-young.unicancer.fr\/fr\/wp-json\/wp\/v2\/users\/1"}],"replies":[{"embeddable":true,"href":"https:\/\/path-for-young.unicancer.fr\/fr\/wp-json\/wp\/v2\/comments?post=2168"}],"version-history":[{"count":11,"href":"https:\/\/path-for-young.unicancer.fr\/fr\/wp-json\/wp\/v2\/pages\/2168\/revisions"}],"predecessor-version":[{"id":2429,"href":"https:\/\/path-for-young.unicancer.fr\/fr\/wp-json\/wp\/v2\/pages\/2168\/revisions\/2429"}],"up":[{"embeddable":true,"href":"https:\/\/path-for-young.unicancer.fr\/fr\/wp-json\/wp\/v2\/pages\/2406"}],"wp:attachment":[{"href":"https:\/\/path-for-young.unicancer.fr\/fr\/wp-json\/wp\/v2\/media?parent=2168"}],"curies":[{"name":"wp","href":"https:\/\/api.w.org\/{rel}","templated":true}]}}