{"id":2164,"date":"2025-05-28T18:44:45","date_gmt":"2025-05-28T16:44:45","guid":{"rendered":"https:\/\/path-for-young.unicancer.fr\/path-for-young\/ambition-of-the-path-for-young-project\/"},"modified":"2026-03-12T08:59:05","modified_gmt":"2026-03-12T07:59:05","slug":"ambition-du-projet-path-for-young","status":"publish","type":"page","link":"https:\/\/path-for-young.unicancer.fr\/fr\/path-for-young\/ambition-du-projet-path-for-young\/","title":{"rendered":"Ambition du projet Path-for-young"},"content":{"rendered":"\n<div class=\"wp-block-uagb-container uagb-block-d2d86a66 alignfull uagb-is-root-container\"><div class=\"uagb-container-inner-blocks-wrap\"><div class=\"plmb plmb-text mce-content clearfix format-intro\">\r\n\t<h1>Ambition du<br \/>\nprojet Path-for-young<\/h1>\n<\/div>\r\n<\/div><\/div>\n\n<div class=\"wp-block-uagb-container uagb-block-770e52a0 alignwide uagb-is-root-container\">\n<div class=\"wp-block-uagb-container uagb-block-158db01b\"><div class=\"plmb plmb-text mce-content clearfix format-classic resp-format-mob-left\">\r\n\t<h2 style=\"text-align: right\"><span style=\"font-size: 20px\">L\u2019ambition principale de <\/span><br \/>\n<span style=\"font-size: 20px\">Path-for-young est de d\u00e9finir et de mettre en \u0153uvre un nouveau standard de soins (SoC) pour les patientes pr\u00e9m\u00e9nopaus\u00e9es atteintes d\u2019un cancer du sein HR+ HER2- \u00e0 haut risque. En utilisant une strat\u00e9gie de stratification, Path-for-young va&nbsp;:<span class=\"Apple-converted-space\"> <\/span><\/span> <\/h2>\n<\/div>\r\n<\/div>\n\n\n\n<div class=\"wp-block-uagb-container uagb-block-918e1905\"><div class=\"plmb plmb-text mce-content clearfix format-classic\">\r\n\t<ul>\n<li>pr\u00e9dire le b\u00e9n\u00e9fice de la chimioth\u00e9rapie pour les<\/li>\n<li>patientes pr\u00e9m\u00e9nopaus\u00e9es,<\/li>\n<li>personnaliser les choix de traitement adjuvant,<br \/>\npr\u00e9venir la d\u00e9t\u00e9rioration de la qualit\u00e9 de vie en \u00e9vitant les effets \u00e0 long terme li\u00e9s au traitement,<\/li>\n<li>am\u00e9liorer les strat\u00e9gies de soins de support, y compris une meilleure utilisation des outils de sant\u00e9 num\u00e9rique, et<\/li>\n<li>int\u00e9grer la participation des patientes lors de la conceptualisation et de la mise en \u0153uvre du projet.<\/li>\n<\/ul>\n<p><b>De plus, le projet vise \u00e0 fournir les r\u00e9sultats suivants.<span class=\"Apple-converted-space\"> <\/span><\/b><\/p>\n<\/div>\r\n<\/div>\n<\/div>\n\n<div class=\"wp-block-uagb-container uagb-block-f7ab8ff4 alignfull uagb-is-root-container\"><div class=\"uagb-container-inner-blocks-wrap\">\n<div class=\"wp-block-uagb-container uagb-block-78a0feba\"><\/div>\n\n\n\n<div class=\"wp-block-uagb-container uagb-block-7c832ee6\"><div class=\"plmb plmb-text mce-content clearfix format-classic\">\r\n\t<h2>Pour les patientes et<br \/>\nla population g\u00e9n\u00e9rale<\/h2>\n<ul>\n<li style=\"list-style-type: none\">\n<ul>pr\u00e9servation et am\u00e9lioration de plusieurs domaines de la qualit\u00e9 de vie chez les survivantes pr\u00e9m\u00e9nopaus\u00e9es d\u2019un cancer du sein,<\/ul>\n<\/li>\n<li>am\u00e9lioration de l\u2019observance de l\u2019hormonoth\u00e9rapie,<\/li>\n<li>mieux comprendre comment soutenir les femmes pr\u00e9m\u00e9nopaus\u00e9es ayant re\u00e7u un diagnostic de cancer du sein \u00e0 un stade pr\u00e9coce et \u00e0 risque \u00e9lev\u00e9 en favorisant la mise en \u0153uvre d\u2019une m\u00e9decine de survie personnalis\u00e9e et en facilitant l\u2019autonomisation des patientes tout au long du parcours de soins,<\/li>\n<li>promotion d\u2019un processus de co-cr\u00e9ation et de co-conception d\u2019essais cliniques et d\u2019interventions avec les principales parties prenantes, y compris les patientes,<\/li>\n<li>des informations plus pr\u00e9cises sur les parcours de traitement.<\/li>\n<\/ul>\n<\/div>\r\n<\/div>\n<\/div><\/div>\n\n<div class=\"wp-block-uagb-container uagb-block-311ea660 alignfull uagb-is-root-container\"><div class=\"uagb-container-inner-blocks-wrap\">\n<div class=\"wp-block-uagb-container uagb-block-e501d367\"><div class=\"plmb plmb-text mce-content clearfix format-classic\">\r\n\t<h2><span style=\"color: #00b8b5\">Pour les professionnels de<br \/>\nsant\u00e9 en g\u00e9n\u00e9ral<\/span><\/h2>\n<ul class=\"green-list\">\n<li>acc\u00e8s \u00e0 des recommandations cliniques am\u00e9lior\u00e9es et \u00e0 des outils d\u2019aide \u00e0 la d\u00e9cision th\u00e9rapeutique, une meilleure compr\u00e9hension du b\u00e9n\u00e9fice tir\u00e9 de la chimioth\u00e9rapie adjuvante par les patientes atteintes d\u2019un cancer du sein,<\/li>\n<li>une meilleure compr\u00e9hension du b\u00e9n\u00e9fice tir\u00e9 de la chimioth\u00e9rapie adjuvante par les patientes atteintes d\u2019un cancer du sein,<\/li>\n<li>une meilleure compr\u00e9hension de l\u2019exp\u00e9rience patiente et du processus de choix th\u00e9rapeutiques,<\/li>\n<li>une meilleure compr\u00e9hension de la mani\u00e8re de soutenir les patientes,<\/li>\n<li>une sensibilisation accrue \u00e0 la m\u00e9decine personnalis\u00e9e, pr\u00e9dictive, proactive, participative et psychocognitive.<\/li>\n<\/ul>\n<\/div>\r\n<\/div>\n\n\n\n<div class=\"wp-block-uagb-container uagb-block-271662b3\"><\/div>\n<\/div><\/div>\n\n<div class=\"wp-block-uagb-container uagb-block-decbcc60 alignfull uagb-is-root-container\"><div class=\"uagb-container-inner-blocks-wrap\">\n<div class=\"wp-block-uagb-container uagb-block-8d33ff43\"><div class=\"plmb plmb-text mce-content clearfix format-classic\">\r\n\t<h2>Pour les d\u00e9cideurs et les autorit\u00e9s de sant\u00e9<\/h2>\n<ul class=\"ocean-list\">\n<li style=\"list-style-type: none\">\n<ul class=\"ocean-list\">fourniture de preuves scientifiques et d\u2019\u00e9valuations des technologies de la sant\u00e9 (ETS) multinationales, incluant des analyses m\u00e9dico-\u00e9conomiques transnationales robustes des strat\u00e9gies de traitement bas\u00e9es sur des tests multiparam\u00e9triques,<\/ul>\n<\/li>\n<li>d\u00e9monstration de la faisabilit\u00e9 de la mise en \u0153uvre d\u2019une strat\u00e9gie de diagnostic non invasif personnalis\u00e9e \u00e0 l\u2019\u00e9chelle mondiale,<\/li>\n<li>identification de mod\u00e8les de parcours de soins ad\u00e9quats pour la prestation de soins optimaux aux patientes pr\u00e9m\u00e9nopaus\u00e9es atteintes d\u2019un cancer du sein \u00e0 haut risque.<\/li>\n<\/ul>\n<\/div>\r\n<\/div>\n\n\n\n<div class=\"wp-block-uagb-container uagb-block-b00ff260\"><div class=\"plmb plmb-text mce-content clearfix format-classic\">\r\n\t<h2>Pour la communaut\u00e9 de la recherche m\u00e9dicale<\/h2>\n<ul>\n<li>cr\u00e9ation d\u2019une infrastructure de recherche num\u00e9rique durable pour d\u00e9centraliser la recherche, faciliter les approches pragmatiques, le partage de donn\u00e9es et l\u2019engagement des patientes, y compris en favorisant l\u2019\u00e9quit\u00e9, l\u2019inclusion et la diversit\u00e9 dans les essais cliniques&nbsp;;<\/li>\n<li>promouvoir la compr\u00e9hension et la mise en \u0153uvre de grands essais cliniques pragmatiques et d\u2019essais de d\u00e9sescalade th\u00e9rapeutique.<\/li>\n<\/ul>\n<\/div>\r\n<\/div>\n<\/div><\/div>\n\n<div class=\"wp-block-uagb-container uagb-block-1bb655a8 alignfull uagb-is-root-container\"><div class=\"uagb-container-inner-blocks-wrap\">\n<div class=\"wp-block-uagb-container uagb-block-30c90a90\"><\/div>\n\n\n\n<div class=\"wp-block-uagb-container uagb-block-b6fd5ff1\"><div class=\"plmb plmb-text mce-content clearfix format-classic\">\r\n\t<h2>Pour l\u2019industrie \/ les petites et moyennes entreprises (PME)<\/h2>\n<p>D\u00e9veloppement prospectif d\u2019un nouveau compagnon num\u00e9rique personnalis\u00e9 pour les patientes favorisant l\u2019autogestion par RESILIENCE (partenaire PME du consortium). De plus, Path-for-young encouragera l\u2019utilisation internationale de KLINEO (deuxi\u00e8me partenaire PME du consortium), un outil destin\u00e9 \u00e0 aider les cliniciens et les patientes \u00e0 effectuer, respectivement, un d\u00e9pistage et un autod\u00e9pistage de l\u2019\u00e9ligibilit\u00e9 \u00e0 l\u2019inclusion dans des essais cliniques et \u00e0 favoriser les liens avec les \u00e9quipes de recherche, actuellement mis en \u0153uvre au niveau national fran\u00e7ais. D\u2019autres PME auront l\u2019opportunit\u00e9 de b\u00e9n\u00e9ficier du projet, car il ouvrira des perspectives d\u2019exploitation auxiliaire des donn\u00e9es collect\u00e9es, notamment la validation de tests d\u2019expression g\u00e9nique multiparam\u00e9triques suppl\u00e9mentaires et la cr\u00e9ation d\u2019algorithmes pour la stratification des risques de toxicit\u00e9s \u00e0 long terme.  <\/p>\n<p>Le consortium a entam\u00e9 des discussions avec Veracyte, fournisseur du test Prosigna utilis\u00e9 dans Optima-young (voir l\u2019annexe sur les \u00e9tudes cliniques pour plus de d\u00e9tails), afin d\u2019assurer une valorisation industrielle maximale des r\u00e9sultats scientifiques g\u00e9n\u00e9r\u00e9s par le projet. En cas de succ\u00e8s, ce projet ouvrira de nouvelles opportunit\u00e9s de march\u00e9 pour Prosigna et des tests similaires. <\/p>\n<\/div>\r\n<\/div>\n<\/div><\/div>\n\n<div class=\"wp-block-uagb-container uagb-block-3703e03e alignwide uagb-is-root-container\">\n<div class=\"wp-block-uagb-container page-nav-blue uagb-block-b277c911\"><div class=\"plmb plmb-image image-style-none\">\r\n\t\t<figure style=\"width:80px\">\r\n\t\t<div class=\"image-wrapper\" style=\"height:80px\"><img loading=\"lazy\" decoding=\"async\" width=\"1\" height=\"1\" src=\"https:\/\/path-for-young.unicancer.fr\/wp-content\/uploads\/2025\/05\/left-arrow.svg\" class=\"attachment-fhd size-fhd\" alt=\"previous page\" \/><\/div>\t<\/figure>\r\n\t\t<\/div>\r\n\n\n<div class=\"plmb plmb-text mce-content clearfix format-light-margin-title\">\r\n\t<h3 style=\"text-align: left\"><span style=\"font-size: 25px\">Path-for-young<\/span><\/h3>\n<\/div>\r\n<a class=\"spectra-container-link-overlay\" rel=\"noopener\" href=\"https:\/\/path-for-young.unicancer.fr\/fr\/path-for-young\/\"> <\/a><\/div>\n\n\n\n<div class=\"wp-block-uagb-container page-nav-green uagb-block-00ee5efe\"><div class=\"plmb plmb-image image-style-none\">\r\n\t\t<figure style=\"width:80px\">\r\n\t\t<div class=\"image-wrapper\" style=\"height:80px\"><img loading=\"lazy\" decoding=\"async\" width=\"1\" height=\"1\" src=\"https:\/\/path-for-young.unicancer.fr\/wp-content\/uploads\/2025\/05\/left-arrow.svg\" class=\"attachment-fhd size-fhd\" alt=\"previous page\" \/><\/div>\t<\/figure>\r\n\t\t<\/div>\r\n\n\n<div class=\"plmb plmb-text mce-content clearfix format-light-margin-title\">\r\n\t<h3 style=\"text-align: left\"><span style=\"font-size: 25px\">Objectifs<br \/>\ndu projet<\/span><\/h3>\n<\/div>\r\n<a class=\"spectra-container-link-overlay\" rel=\"noopener\" href=\"https:\/\/path-for-young.unicancer.fr\/fr\/path-for-young\/les-objectif-du-projet-path-for-young\/\"> <\/a><\/div>\n\n\n\n<div class=\"wp-block-uagb-container page-nav-beige uagb-block-3af345e6\"><div class=\"plmb plmb-image image-style-none\">\r\n\t\t<figure style=\"width:80px\">\r\n\t\t<div class=\"image-wrapper\" style=\"height:80px\"><img loading=\"lazy\" decoding=\"async\" width=\"1\" height=\"1\" src=\"https:\/\/path-for-young.unicancer.fr\/wp-content\/uploads\/2025\/05\/right-arrow.svg\" class=\"attachment-fhd size-fhd\" alt=\"next page\" \/><\/div>\t<\/figure>\r\n\t\t<\/div>\r\n\n\n<div class=\"plmb plmb-text mce-content clearfix format-light-margin-title\">\r\n\t<h3 style=\"text-align: right\"><span style=\"font-size: 25px\">Engagement et repr\u00e9sentation<br \/>\ndes patientes<\/span><\/h3>\n<\/div>\r\n<a class=\"spectra-container-link-overlay\" rel=\"noopener\" href=\"https:\/\/path-for-young.unicancer.fr\/fr\/engagement-des-patients-et-representation\/\"> <\/a><\/div>\n<\/div>\n","protected":false},"excerpt":{"rendered":"","protected":false},"author":2,"featured_media":0,"parent":2406,"menu_order":0,"comment_status":"closed","ping_status":"closed","template":"","meta":{"_acf_changed":false,"_uag_custom_page_level_css":"","_analytify_skip_tracking":false,"footnotes":""},"class_list":["post-2164","page","type-page","status-publish","hentry"],"acf":[],"yoast_head":"<!-- This site is optimized with the Yoast SEO plugin v27.2 - https:\/\/yoast.com\/product\/yoast-seo-wordpress\/ -->\n<title>Ambition du projet Path-for-young - Path-for-young<\/title>\n<meta name=\"robots\" content=\"index, follow, max-snippet:-1, max-image-preview:large, max-video-preview:-1\" \/>\n<link rel=\"canonical\" href=\"https:\/\/path-for-young.unicancer.fr\/fr\/path-for-young\/ambition-du-projet-path-for-young\/\" \/>\n<meta property=\"og:locale\" content=\"fr_FR\" \/>\n<meta property=\"og:type\" content=\"article\" \/>\n<meta property=\"og:title\" content=\"Ambition du projet Path-for-young - Path-for-young\" \/>\n<meta property=\"og:url\" content=\"https:\/\/path-for-young.unicancer.fr\/fr\/path-for-young\/ambition-du-projet-path-for-young\/\" \/>\n<meta property=\"og:site_name\" content=\"Path-for-young\" \/>\n<meta property=\"article:modified_time\" content=\"2026-03-12T07:59:05+00:00\" \/>\n<meta name=\"twitter:card\" content=\"summary_large_image\" \/>\n<script type=\"application\/ld+json\" class=\"yoast-schema-graph\">{\"@context\":\"https:\/\/schema.org\",\"@graph\":[{\"@type\":\"WebPage\",\"@id\":\"https:\/\/path-for-young.unicancer.fr\/fr\/path-for-young\/ambition-du-projet-path-for-young\/\",\"url\":\"https:\/\/path-for-young.unicancer.fr\/fr\/path-for-young\/ambition-du-projet-path-for-young\/\",\"name\":\"Ambition du projet Path-for-young - Path-for-young\",\"isPartOf\":{\"@id\":\"https:\/\/path-for-young.unicancer.fr\/fr\/#website\"},\"datePublished\":\"2025-05-28T16:44:45+00:00\",\"dateModified\":\"2026-03-12T07:59:05+00:00\",\"breadcrumb\":{\"@id\":\"https:\/\/path-for-young.unicancer.fr\/fr\/path-for-young\/ambition-du-projet-path-for-young\/#breadcrumb\"},\"inLanguage\":\"fr-FR\",\"potentialAction\":[{\"@type\":\"ReadAction\",\"target\":[\"https:\/\/path-for-young.unicancer.fr\/fr\/path-for-young\/ambition-du-projet-path-for-young\/\"]}]},{\"@type\":\"BreadcrumbList\",\"@id\":\"https:\/\/path-for-young.unicancer.fr\/fr\/path-for-young\/ambition-du-projet-path-for-young\/#breadcrumb\",\"itemListElement\":[{\"@type\":\"ListItem\",\"position\":1,\"name\":\"Home\",\"item\":\"https:\/\/path-for-young.unicancer.fr\/fr\/accueil\/\"},{\"@type\":\"ListItem\",\"position\":2,\"name\":\"Path-for-young\",\"item\":\"https:\/\/path-for-young.unicancer.fr\/fr\/path-for-young\/\"},{\"@type\":\"ListItem\",\"position\":3,\"name\":\"Ambition du projet Path-for-young\"}]},{\"@type\":\"WebSite\",\"@id\":\"https:\/\/path-for-young.unicancer.fr\/fr\/#website\",\"url\":\"https:\/\/path-for-young.unicancer.fr\/fr\/\",\"name\":\"Path for Young\",\"description\":\"\",\"potentialAction\":[{\"@type\":\"SearchAction\",\"target\":{\"@type\":\"EntryPoint\",\"urlTemplate\":\"https:\/\/path-for-young.unicancer.fr\/fr\/?s={search_term_string}\"},\"query-input\":{\"@type\":\"PropertyValueSpecification\",\"valueRequired\":true,\"valueName\":\"search_term_string\"}}],\"inLanguage\":\"fr-FR\"}]}<\/script>\n<!-- \/ Yoast SEO plugin. -->","yoast_head_json":{"title":"Ambition du projet Path-for-young - Path-for-young","robots":{"index":"index","follow":"follow","max-snippet":"max-snippet:-1","max-image-preview":"max-image-preview:large","max-video-preview":"max-video-preview:-1"},"canonical":"https:\/\/path-for-young.unicancer.fr\/fr\/path-for-young\/ambition-du-projet-path-for-young\/","og_locale":"fr_FR","og_type":"article","og_title":"Ambition du projet Path-for-young - Path-for-young","og_url":"https:\/\/path-for-young.unicancer.fr\/fr\/path-for-young\/ambition-du-projet-path-for-young\/","og_site_name":"Path-for-young","article_modified_time":"2026-03-12T07:59:05+00:00","twitter_card":"summary_large_image","schema":{"@context":"https:\/\/schema.org","@graph":[{"@type":"WebPage","@id":"https:\/\/path-for-young.unicancer.fr\/fr\/path-for-young\/ambition-du-projet-path-for-young\/","url":"https:\/\/path-for-young.unicancer.fr\/fr\/path-for-young\/ambition-du-projet-path-for-young\/","name":"Ambition du projet Path-for-young - Path-for-young","isPartOf":{"@id":"https:\/\/path-for-young.unicancer.fr\/fr\/#website"},"datePublished":"2025-05-28T16:44:45+00:00","dateModified":"2026-03-12T07:59:05+00:00","breadcrumb":{"@id":"https:\/\/path-for-young.unicancer.fr\/fr\/path-for-young\/ambition-du-projet-path-for-young\/#breadcrumb"},"inLanguage":"fr-FR","potentialAction":[{"@type":"ReadAction","target":["https:\/\/path-for-young.unicancer.fr\/fr\/path-for-young\/ambition-du-projet-path-for-young\/"]}]},{"@type":"BreadcrumbList","@id":"https:\/\/path-for-young.unicancer.fr\/fr\/path-for-young\/ambition-du-projet-path-for-young\/#breadcrumb","itemListElement":[{"@type":"ListItem","position":1,"name":"Home","item":"https:\/\/path-for-young.unicancer.fr\/fr\/accueil\/"},{"@type":"ListItem","position":2,"name":"Path-for-young","item":"https:\/\/path-for-young.unicancer.fr\/fr\/path-for-young\/"},{"@type":"ListItem","position":3,"name":"Ambition du projet Path-for-young"}]},{"@type":"WebSite","@id":"https:\/\/path-for-young.unicancer.fr\/fr\/#website","url":"https:\/\/path-for-young.unicancer.fr\/fr\/","name":"Path for Young","description":"","potentialAction":[{"@type":"SearchAction","target":{"@type":"EntryPoint","urlTemplate":"https:\/\/path-for-young.unicancer.fr\/fr\/?s={search_term_string}"},"query-input":{"@type":"PropertyValueSpecification","valueRequired":true,"valueName":"search_term_string"}}],"inLanguage":"fr-FR"}]}},"uagb_featured_image_src":{"full":false,"thumbnail":false,"medium":false,"medium_large":false,"large":false,"1536x1536":false,"2048x2048":false,"post-thumbnail":false,"fhd":false,"wqhd":false},"uagb_author_info":{"display_name":"Guillaume Armandi","author_link":"https:\/\/path-for-young.unicancer.fr\/fr\/author\/guillaumesupertag-fr\/"},"uagb_comment_info":0,"uagb_excerpt":null,"_links":{"self":[{"href":"https:\/\/path-for-young.unicancer.fr\/fr\/wp-json\/wp\/v2\/pages\/2164","targetHints":{"allow":["GET"]}}],"collection":[{"href":"https:\/\/path-for-young.unicancer.fr\/fr\/wp-json\/wp\/v2\/pages"}],"about":[{"href":"https:\/\/path-for-young.unicancer.fr\/fr\/wp-json\/wp\/v2\/types\/page"}],"author":[{"embeddable":true,"href":"https:\/\/path-for-young.unicancer.fr\/fr\/wp-json\/wp\/v2\/users\/2"}],"replies":[{"embeddable":true,"href":"https:\/\/path-for-young.unicancer.fr\/fr\/wp-json\/wp\/v2\/comments?post=2164"}],"version-history":[{"count":8,"href":"https:\/\/path-for-young.unicancer.fr\/fr\/wp-json\/wp\/v2\/pages\/2164\/revisions"}],"predecessor-version":[{"id":2427,"href":"https:\/\/path-for-young.unicancer.fr\/fr\/wp-json\/wp\/v2\/pages\/2164\/revisions\/2427"}],"up":[{"embeddable":true,"href":"https:\/\/path-for-young.unicancer.fr\/fr\/wp-json\/wp\/v2\/pages\/2406"}],"wp:attachment":[{"href":"https:\/\/path-for-young.unicancer.fr\/fr\/wp-json\/wp\/v2\/media?parent=2164"}],"curies":[{"name":"wp","href":"https:\/\/api.w.org\/{rel}","templated":true}]}}